{"id":4248,"date":"2024-10-18T15:43:36","date_gmt":"2024-10-18T15:43:36","guid":{"rendered":"https:\/\/dev.uxagency.com.br\/imaginadora\/?page_id=4248"},"modified":"2025-02-11T18:01:38","modified_gmt":"2025-02-11T18:01:38","slug":"cases-fazenda-capoava","status":"publish","type":"page","link":"https:\/\/imaginadora.com.br\/en\/cases-fazenda-capoava\/","title":{"rendered":"cases &#8211; Fazenda Capoava"},"content":{"rendered":"\t\t<div data-elementor-type=\"wp-page\" data-elementor-id=\"4248\" class=\"elementor elementor-4248\" data-elementor-settings=\"{&quot;ha_cmc_init_switcher&quot;:&quot;no&quot;}\" data-elementor-post-type=\"page\">\n\t\t\t\t<div class=\"elementor-element elementor-element-9d52417 e-con-full e-flex e-con e-parent\" data-id=\"9d52417\" data-element_type=\"container\" data-e-type=\"container\">\n\t\t\t\t<div class=\"elementor-element elementor-element-78d5539 elementor--h-position-left elementor-widget__width-initial elementor--v-position-middle elementor-pagination-position-inside elementor-widget elementor-widget-slides\" data-id=\"78d5539\" data-element_type=\"widget\" data-e-type=\"widget\" data-settings=\"{&quot;navigation&quot;:&quot;dots&quot;,&quot;autoplay&quot;:&quot;yes&quot;,&quot;pause_on_hover&quot;:&quot;yes&quot;,&quot;pause_on_interaction&quot;:&quot;yes&quot;,&quot;autoplay_speed&quot;:5000,&quot;infinite&quot;:&quot;yes&quot;,&quot;transition&quot;:&quot;slide&quot;,&quot;transition_speed&quot;:500}\" data-widget_type=\"slides.default\">\n\t\t\t\t<div class=\"elementor-widget-container\">\n\t\t\t\t\t\t\t\t\t<div class=\"elementor-swiper\">\n\t\t\t\t\t<div class=\"elementor-slides-wrapper elementor-main-swiper swiper\" role=\"region\" aria-roledescription=\"carousel\" aria-label=\"Slides\" dir=\"ltr\" data-animation=\"fadeInUp\">\n\t\t\t\t<div class=\"swiper-wrapper elementor-slides\">\n\t\t\t\t\t\t\t\t\t\t<div class=\"elementor-repeater-item-7fb7457 swiper-slide\" role=\"group\" aria-roledescription=\"slide\"><div class=\"swiper-slide-bg\" role=\"img\" aria-label=\"slice_16\"><\/div><div class=\"swiper-slide-inner\" ><div class=\"swiper-slide-contents\"><div class=\"elementor-slide-heading\">Cases<\/div><div class=\"elementor-slide-description\">Fazenda Capoava: a estrat\u00e9gia que aumentou as vendas e o alcance<\/div><a href=\"https:\/\/imaginadora.com.br\/novo-contato\/\" class=\"elementor-button elementor-slide-button elementor-size-sm\">FALAR COM UM CONSULTOR<\/a><\/div><\/div><\/div><div class=\"elementor-repeater-item-8d81d2a swiper-slide\" role=\"group\" aria-roledescription=\"slide\"><div class=\"swiper-slide-bg\" role=\"img\" aria-label=\"slice_17\"><\/div><div class=\"swiper-slide-inner\" ><div class=\"swiper-slide-contents\"><div class=\"elementor-slide-heading\">Cases<\/div><div class=\"elementor-slide-description\">Fazenda Capoava: a estrat\u00e9gia que aumentou as vendas e o alcance<\/div><a href=\"https:\/\/imaginadora.com.br\/novo-contato\/\" class=\"elementor-button elementor-slide-button elementor-size-sm\">FALAR COM UM CONSULTOR<\/a><\/div><\/div><\/div><div class=\"elementor-repeater-item-362adf8 swiper-slide\" role=\"group\" aria-roledescription=\"slide\"><div class=\"swiper-slide-bg\" role=\"img\" aria-label=\"slice_19\"><\/div><div class=\"swiper-slide-inner\" ><div class=\"swiper-slide-contents\"><div class=\"elementor-slide-heading\">Cases<\/div><div class=\"elementor-slide-description\">Fazenda Capoava: a estrat\u00e9gia que aumentou as vendas e o alcance<\/div><a href=\"https:\/\/imaginadora.com.br\/novo-contato\/\" class=\"elementor-button elementor-slide-button elementor-size-sm\">FALAR COM UM CONSULTOR<\/a><\/div><\/div><\/div>\t\t\t\t<\/div>\n\t\t\t\t\t\t\t\t\t\t\t\t\t\t\t\t\t\t\t\t<div class=\"swiper-pagination\"><\/div>\n\t\t\t\t\t\t\t\t\t\t\t\t<\/div>\n\t\t\t\t<\/div>\n\t\t\t\t\t\t\t\t<\/div>\n\t\t\t\t<\/div>\n\t\t\t\t<\/div>\n\t\t<div class=\"elementor-element elementor-element-e97443f e-flex e-con-boxed e-con e-parent\" data-id=\"e97443f\" data-element_type=\"container\" data-e-type=\"container\" data-settings=\"{&quot;background_background&quot;:&quot;classic&quot;}\">\n\t\t\t\t\t<div class=\"e-con-inner\">\n\t\t<div class=\"elementor-element elementor-element-a35840d e-con-full e-flex e-con e-child\" data-id=\"a35840d\" data-element_type=\"container\" data-e-type=\"container\">\n\t\t\t\t<div class=\"elementor-element elementor-element-24bea2d elementor-widget__width-initial elementor-widget elementor-widget-image\" data-id=\"24bea2d\" data-element_type=\"widget\" data-e-type=\"widget\" data-widget_type=\"image.default\">\n\t\t\t\t<div class=\"elementor-widget-container\">\n\t\t\t\t\t\t\t\t\t\t\t\t\t\t\t<img decoding=\"async\" width=\"75\" height=\"116\" src=\"https:\/\/imaginadora.com.br\/wp-content\/uploads\/2024\/10\/Group-17.svg\" class=\"attachment-full size-full wp-image-1812\" alt=\"\" \/>\t\t\t\t\t\t\t\t\t\t\t\t\t\t\t<\/div>\n\t\t\t\t<\/div>\n\t\t\t\t<div class=\"elementor-element elementor-element-398b88e elementor-widget__width-initial elementor-widget elementor-widget-image\" data-id=\"398b88e\" data-element_type=\"widget\" data-e-type=\"widget\" data-widget_type=\"image.default\">\n\t\t\t\t<div class=\"elementor-widget-container\">\n\t\t\t\t\t\t\t\t\t\t\t\t\t\t\t<img fetchpriority=\"high\" decoding=\"async\" width=\"1707\" height=\"2560\" src=\"https:\/\/imaginadora.com.br\/wp-content\/uploads\/2024\/10\/Marketing-Digital-2-scaled.jpg\" class=\"attachment-full size-full wp-image-7054\" alt=\"\" srcset=\"https:\/\/imaginadora.com.br\/wp-content\/uploads\/2024\/10\/Marketing-Digital-2-scaled.jpg 1707w, https:\/\/imaginadora.com.br\/wp-content\/uploads\/2024\/10\/Marketing-Digital-2-200x300.jpg 200w, https:\/\/imaginadora.com.br\/wp-content\/uploads\/2024\/10\/Marketing-Digital-2-683x1024.jpg 683w, https:\/\/imaginadora.com.br\/wp-content\/uploads\/2024\/10\/Marketing-Digital-2-768x1152.jpg 768w, https:\/\/imaginadora.com.br\/wp-content\/uploads\/2024\/10\/Marketing-Digital-2-1024x1536.jpg 1024w, https:\/\/imaginadora.com.br\/wp-content\/uploads\/2024\/10\/Marketing-Digital-2-1365x2048.jpg 1365w\" sizes=\"(max-width: 1707px) 100vw, 1707px\" \/>\t\t\t\t\t\t\t\t\t\t\t\t\t\t\t<\/div>\n\t\t\t\t<\/div>\n\t\t\t\t<div class=\"elementor-element elementor-element-d2cb4a9 elementor-widget elementor-widget-image\" data-id=\"d2cb4a9\" data-element_type=\"widget\" data-e-type=\"widget\" data-settings=\"{&quot;motion_fx_motion_fx_scrolling&quot;:&quot;yes&quot;,&quot;motion_fx_translateX_effect&quot;:&quot;yes&quot;,&quot;motion_fx_translateX_direction&quot;:&quot;negative&quot;,&quot;motion_fx_translateX_speed&quot;:{&quot;unit&quot;:&quot;px&quot;,&quot;size&quot;:4,&quot;sizes&quot;:[]},&quot;motion_fx_translateX_affectedRange&quot;:{&quot;unit&quot;:&quot;%&quot;,&quot;size&quot;:&quot;&quot;,&quot;sizes&quot;:{&quot;start&quot;:0,&quot;end&quot;:100}},&quot;motion_fx_devices&quot;:[&quot;desktop&quot;,&quot;tablet&quot;,&quot;mobile&quot;]}\" data-widget_type=\"image.default\">\n\t\t\t\t<div class=\"elementor-widget-container\">\n\t\t\t\t\t\t\t\t\t\t\t\t\t\t\t<img decoding=\"async\" width=\"1077\" height=\"542\" src=\"https:\/\/imaginadora.com.br\/wp-content\/uploads\/2024\/10\/image_72.webp\" class=\"attachment-full size-full wp-image-4343\" alt=\"\" srcset=\"https:\/\/imaginadora.com.br\/wp-content\/uploads\/2024\/10\/image_72.webp 1077w, https:\/\/imaginadora.com.br\/wp-content\/uploads\/2024\/10\/image_72-300x151.webp 300w, https:\/\/imaginadora.com.br\/wp-content\/uploads\/2024\/10\/image_72-1024x515.webp 1024w, https:\/\/imaginadora.com.br\/wp-content\/uploads\/2024\/10\/image_72-768x386.webp 768w\" sizes=\"(max-width: 1077px) 100vw, 1077px\" \/>\t\t\t\t\t\t\t\t\t\t\t\t\t\t\t<\/div>\n\t\t\t\t<\/div>\n\t\t\t\t<\/div>\n\t\t<div class=\"elementor-element elementor-element-8e2bd3c e-con-full e-flex e-con e-child\" data-id=\"8e2bd3c\" data-element_type=\"container\" data-e-type=\"container\" data-settings=\"{&quot;background_background&quot;:&quot;classic&quot;}\">\n\t\t\t\t<div class=\"elementor-element elementor-element-dd30820 elementor-widget elementor-widget-heading\" data-id=\"dd30820\" data-element_type=\"widget\" data-e-type=\"widget\" data-widget_type=\"heading.default\">\n\t\t\t\t<div class=\"elementor-widget-container\">\n\t\t\t\t\t<h2 class=\"elementor-heading-title elementor-size-default\">Objetivo<\/h2>\t\t\t\t<\/div>\n\t\t\t\t<\/div>\n\t\t\t\t<div class=\"elementor-element elementor-element-bab125d elementor-widget__width-initial elementor-widget elementor-widget-text-editor\" data-id=\"bab125d\" data-element_type=\"widget\" data-e-type=\"widget\" data-widget_type=\"text-editor.default\">\n\t\t\t\t<div class=\"elementor-widget-container\">\n\t\t\t\t\t\t\t\t\t<p>Fortalecer a marca da Fazenda Capoava nos mercados B2C e B2B, alcan\u00e7ando consumidores e empresas em busca de hospedagem e espa\u00e7os para eventos, al\u00e9m de melhorar a gest\u00e3o de m\u00e9tricas digitais e resolver problemas de usabilidade do site, especialmente em dispositivos m\u00f3veis.<\/p>\t\t\t\t\t\t\t\t<\/div>\n\t\t\t\t<\/div>\n\t\t\t\t<\/div>\n\t\t\t\t\t<\/div>\n\t\t\t\t<\/div>\n\t\t<div class=\"elementor-element elementor-element-2db272f e-flex e-con-boxed e-con e-parent\" data-id=\"2db272f\" data-element_type=\"container\" data-e-type=\"container\" data-settings=\"{&quot;background_background&quot;:&quot;classic&quot;}\">\n\t\t\t\t\t<div class=\"e-con-inner\">\n\t\t\t\t\t<\/div>\n\t\t\t\t<\/div>\n\t\t<div class=\"elementor-element elementor-element-9d46908 e-con-full e-flex e-con e-parent\" data-id=\"9d46908\" data-element_type=\"container\" data-e-type=\"container\" data-settings=\"{&quot;background_background&quot;:&quot;classic&quot;}\">\n\t\t<div class=\"elementor-element elementor-element-7068cba e-con-full e-flex e-con e-child\" data-id=\"7068cba\" data-element_type=\"container\" data-e-type=\"container\">\n\t\t\t\t<div class=\"elementor-element elementor-element-faaa9c5 elementor-widget__width-initial elementor-widget elementor-widget-image\" data-id=\"faaa9c5\" data-element_type=\"widget\" data-e-type=\"widget\" data-widget_type=\"image.default\">\n\t\t\t\t<div class=\"elementor-widget-container\">\n\t\t\t\t\t\t\t\t\t\t\t\t\t\t\t<img loading=\"lazy\" decoding=\"async\" width=\"1200\" height=\"738\" src=\"https:\/\/imaginadora.com.br\/wp-content\/uploads\/2024\/10\/Marketing-digital-3-2.webp\" class=\"attachment-full size-full wp-image-7076\" alt=\"\" srcset=\"https:\/\/imaginadora.com.br\/wp-content\/uploads\/2024\/10\/Marketing-digital-3-2.webp 1200w, https:\/\/imaginadora.com.br\/wp-content\/uploads\/2024\/10\/Marketing-digital-3-2-300x185.webp 300w, https:\/\/imaginadora.com.br\/wp-content\/uploads\/2024\/10\/Marketing-digital-3-2-1024x630.webp 1024w, https:\/\/imaginadora.com.br\/wp-content\/uploads\/2024\/10\/Marketing-digital-3-2-768x472.webp 768w\" sizes=\"(max-width: 1200px) 100vw, 1200px\" \/>\t\t\t\t\t\t\t\t\t\t\t\t\t\t\t<\/div>\n\t\t\t\t<\/div>\n\t\t\t\t<div class=\"elementor-element elementor-element-93825e6 elementor-widget__width-initial elementor-widget elementor-widget-image\" data-id=\"93825e6\" data-element_type=\"widget\" data-e-type=\"widget\" data-widget_type=\"image.default\">\n\t\t\t\t<div class=\"elementor-widget-container\">\n\t\t\t\t\t\t\t\t\t\t\t\t\t\t\t<img loading=\"lazy\" decoding=\"async\" width=\"920\" height=\"884\" src=\"https:\/\/imaginadora.com.br\/wp-content\/uploads\/2024\/10\/rectangle_553-1.webp\" class=\"attachment-full size-full wp-image-3025\" alt=\"\" srcset=\"https:\/\/imaginadora.com.br\/wp-content\/uploads\/2024\/10\/rectangle_553-1.webp 920w, https:\/\/imaginadora.com.br\/wp-content\/uploads\/2024\/10\/rectangle_553-1-300x288.webp 300w, https:\/\/imaginadora.com.br\/wp-content\/uploads\/2024\/10\/rectangle_553-1-768x738.webp 768w\" sizes=\"(max-width: 920px) 100vw, 920px\" \/>\t\t\t\t\t\t\t\t\t\t\t\t\t\t\t<\/div>\n\t\t\t\t<\/div>\n\t\t\t\t<\/div>\n\t\t<div class=\"elementor-element elementor-element-86e1662 e-con-full e-flex e-con e-child\" data-id=\"86e1662\" data-element_type=\"container\" data-e-type=\"container\">\n\t\t\t\t<div class=\"elementor-element elementor-element-ce88b51 elementor-widget elementor-widget-heading\" data-id=\"ce88b51\" data-element_type=\"widget\" data-e-type=\"widget\" data-widget_type=\"heading.default\">\n\t\t\t\t<div class=\"elementor-widget-container\">\n\t\t\t\t\t<h2 class=\"elementor-heading-title elementor-size-default\">T\u00e1tica<\/h2>\t\t\t\t<\/div>\n\t\t\t\t<\/div>\n\t\t\t\t<div class=\"elementor-element elementor-element-c121c11 elementor-widget__width-initial elementor-widget elementor-widget-text-editor\" data-id=\"c121c11\" data-element_type=\"widget\" data-e-type=\"widget\" data-widget_type=\"text-editor.default\">\n\t\t\t\t<div class=\"elementor-widget-container\">\n\t\t\t\t\t\t\t\t\t<p>Implementa\u00e7\u00e3o de plano estrat\u00e9gico de marketing digital, utilizando ferramentas como an\u00e1lise SWOT, constru\u00e7\u00e3o de personas e o Canvas de Proposta de Valor, para aumentar o alcance da marca, gerar leads qualificados e melhorar a convers\u00e3o e fideliza\u00e7\u00e3o de clientes. O foco estava em fortalecer a presen\u00e7a digital da Fazenda e otimizar o desempenho de suas campanhas em m\u00faltiplos canais.<\/p>\t\t\t\t\t\t\t\t<\/div>\n\t\t\t\t<\/div>\n\t\t\t\t<\/div>\n\t\t\t\t<div class=\"elementor-element elementor-element-3c3b40d elementor-widget elementor-widget-image\" data-id=\"3c3b40d\" data-element_type=\"widget\" data-e-type=\"widget\" data-settings=\"{&quot;motion_fx_motion_fx_scrolling&quot;:&quot;yes&quot;,&quot;motion_fx_translateX_effect&quot;:&quot;yes&quot;,&quot;motion_fx_translateX_direction&quot;:&quot;negative&quot;,&quot;motion_fx_translateX_speed&quot;:{&quot;unit&quot;:&quot;px&quot;,&quot;size&quot;:4,&quot;sizes&quot;:[]},&quot;motion_fx_translateX_affectedRange&quot;:{&quot;unit&quot;:&quot;%&quot;,&quot;size&quot;:&quot;&quot;,&quot;sizes&quot;:{&quot;start&quot;:0,&quot;end&quot;:100}},&quot;motion_fx_devices&quot;:[&quot;desktop&quot;,&quot;tablet&quot;,&quot;mobile&quot;]}\" data-widget_type=\"image.default\">\n\t\t\t\t<div class=\"elementor-widget-container\">\n\t\t\t\t\t\t\t\t\t\t\t\t\t\t\t<img decoding=\"async\" width=\"1077\" height=\"542\" src=\"https:\/\/imaginadora.com.br\/wp-content\/uploads\/2024\/10\/image_72.webp\" class=\"attachment-full size-full wp-image-4343\" alt=\"\" srcset=\"https:\/\/imaginadora.com.br\/wp-content\/uploads\/2024\/10\/image_72.webp 1077w, https:\/\/imaginadora.com.br\/wp-content\/uploads\/2024\/10\/image_72-300x151.webp 300w, https:\/\/imaginadora.com.br\/wp-content\/uploads\/2024\/10\/image_72-1024x515.webp 1024w, https:\/\/imaginadora.com.br\/wp-content\/uploads\/2024\/10\/image_72-768x386.webp 768w\" sizes=\"(max-width: 1077px) 100vw, 1077px\" \/>\t\t\t\t\t\t\t\t\t\t\t\t\t\t\t<\/div>\n\t\t\t\t<\/div>\n\t\t\t\t<\/div>\n\t\t<div class=\"elementor-element elementor-element-17039dd e-flex e-con-boxed e-con e-parent\" data-id=\"17039dd\" data-element_type=\"container\" data-e-type=\"container\" data-settings=\"{&quot;background_background&quot;:&quot;classic&quot;}\">\n\t\t\t\t\t<div class=\"e-con-inner\">\n\t\t\t\t<div class=\"elementor-element elementor-element-021e423 elementor-arrows-position-inside elementor-widget elementor-widget-image-carousel\" data-id=\"021e423\" data-element_type=\"widget\" data-e-type=\"widget\" data-settings=\"{&quot;slides_to_show&quot;:&quot;2&quot;,&quot;navigation&quot;:&quot;arrows&quot;,&quot;autoplay&quot;:&quot;yes&quot;,&quot;pause_on_hover&quot;:&quot;yes&quot;,&quot;pause_on_interaction&quot;:&quot;yes&quot;,&quot;autoplay_speed&quot;:5000,&quot;infinite&quot;:&quot;yes&quot;,&quot;speed&quot;:500,&quot;image_spacing_custom&quot;:{&quot;unit&quot;:&quot;px&quot;,&quot;size&quot;:20,&quot;sizes&quot;:[]},&quot;image_spacing_custom_tablet&quot;:{&quot;unit&quot;:&quot;px&quot;,&quot;size&quot;:&quot;&quot;,&quot;sizes&quot;:[]},&quot;image_spacing_custom_mobile&quot;:{&quot;unit&quot;:&quot;px&quot;,&quot;size&quot;:&quot;&quot;,&quot;sizes&quot;:[]}}\" data-widget_type=\"image-carousel.default\">\n\t\t\t\t<div class=\"elementor-widget-container\">\n\t\t\t\t\t\t\t<div class=\"elementor-image-carousel-wrapper swiper\" role=\"region\" aria-roledescription=\"carousel\" aria-label=\"Carrossel de imagens\" dir=\"ltr\">\n\t\t\t<div class=\"elementor-image-carousel swiper-wrapper\" aria-live=\"off\">\n\t\t\t\t\t\t\t\t<div class=\"swiper-slide\" role=\"group\" aria-roledescription=\"slide\" aria-label=\"1 de 4\"><figure class=\"swiper-slide-inner\"><img decoding=\"async\" class=\"swiper-slide-image\" src=\"https:\/\/imaginadora.com.br\/wp-content\/uploads\/2024\/10\/image-15.webp\" alt=\"image (15)\" \/><\/figure><\/div><div class=\"swiper-slide\" role=\"group\" aria-roledescription=\"slide\" aria-label=\"2 de 4\"><figure class=\"swiper-slide-inner\"><img decoding=\"async\" class=\"swiper-slide-image\" src=\"https:\/\/imaginadora.com.br\/wp-content\/uploads\/2024\/10\/fazendacapoava2-2.webp\" alt=\"fazendacapoava2 (2)\" \/><\/figure><\/div><div class=\"swiper-slide\" role=\"group\" aria-roledescription=\"slide\" aria-label=\"3 de 4\"><figure class=\"swiper-slide-inner\"><img decoding=\"async\" class=\"swiper-slide-image\" src=\"https:\/\/imaginadora.com.br\/wp-content\/uploads\/2024\/10\/marketing-digital-4-2.jpg\" alt=\"marketing digital 4 (2)\" \/><\/figure><\/div><div class=\"swiper-slide\" role=\"group\" aria-roledescription=\"slide\" aria-label=\"4 de 4\"><figure class=\"swiper-slide-inner\"><img decoding=\"async\" class=\"swiper-slide-image\" src=\"https:\/\/imaginadora.com.br\/wp-content\/uploads\/2024\/10\/Marketing-Digital-2-1-scaled.jpg\" alt=\"Marketing Digital (2)\" \/><\/figure><\/div>\t\t\t<\/div>\n\t\t\t\t\t\t\t\t\t\t\t\t<div class=\"elementor-swiper-button elementor-swiper-button-prev\" role=\"button\" tabindex=\"0\">\n\t\t\t\t\t\t<svg xmlns=\"http:\/\/www.w3.org\/2000\/svg\" width=\"91\" height=\"90\" viewBox=\"0 0 91 90\" fill=\"none\"><rect width=\"90.9375\" height=\"90\" rx=\"8\" fill=\"#2DD3AF\"><\/rect><path d=\"M52.708 63.4167L40.6565 51.3652C37.5323 48.241 37.5323 43.1757 40.6565 40.0515L52.708 28\" stroke=\"white\" stroke-width=\"2.8\" stroke-linecap=\"round\" stroke-linejoin=\"round\"><\/path><\/svg>\t\t\t\t\t<\/div>\n\t\t\t\t\t<div class=\"elementor-swiper-button elementor-swiper-button-next\" role=\"button\" tabindex=\"0\">\n\t\t\t\t\t\t<svg xmlns=\"http:\/\/www.w3.org\/2000\/svg\" width=\"91\" height=\"90\" viewBox=\"0 0 91 90\" fill=\"none\"><rect width=\"90.9375\" height=\"90\" rx=\"8\" transform=\"matrix(-1 0 0 1 90.9375 0)\" fill=\"#2DD3AF\"><\/rect><path d=\"M38.2295 63.4167L50.281 51.3652C53.4052 48.241 53.4052 43.1757 50.281 40.0515L38.2295 28\" stroke=\"white\" stroke-width=\"2.8\" stroke-linecap=\"round\" stroke-linejoin=\"round\"><\/path><\/svg>\t\t\t\t\t<\/div>\n\t\t\t\t\n\t\t\t\t\t\t\t\t\t<\/div>\n\t\t\t\t\t\t<\/div>\n\t\t\t\t<\/div>\n\t\t\t\t\t<\/div>\n\t\t\t\t<\/div>\n\t\t<div class=\"elementor-element elementor-element-0a8a2e4 e-con-full e-flex e-con e-parent\" data-id=\"0a8a2e4\" data-element_type=\"container\" data-e-type=\"container\" data-settings=\"{&quot;background_background&quot;:&quot;classic&quot;}\">\n\t\t<div class=\"elementor-element elementor-element-38d7006 e-con-full e-flex e-con e-child\" data-id=\"38d7006\" data-element_type=\"container\" data-e-type=\"container\">\n\t\t\t\t<div class=\"elementor-element elementor-element-a60a812 elementor-widget__width-initial elementor-widget elementor-widget-image\" data-id=\"a60a812\" data-element_type=\"widget\" data-e-type=\"widget\" data-widget_type=\"image.default\">\n\t\t\t\t<div class=\"elementor-widget-container\">\n\t\t\t\t\t\t\t\t\t\t\t\t\t\t\t<img loading=\"lazy\" decoding=\"async\" width=\"933\" height=\"610\" src=\"https:\/\/imaginadora.com.br\/wp-content\/uploads\/2024\/10\/Marketing-digital-2-1.webp\" class=\"attachment-full size-full wp-image-6980\" alt=\"\" srcset=\"https:\/\/imaginadora.com.br\/wp-content\/uploads\/2024\/10\/Marketing-digital-2-1.webp 933w, https:\/\/imaginadora.com.br\/wp-content\/uploads\/2024\/10\/Marketing-digital-2-1-300x196.webp 300w, https:\/\/imaginadora.com.br\/wp-content\/uploads\/2024\/10\/Marketing-digital-2-1-768x502.webp 768w\" sizes=\"(max-width: 933px) 100vw, 933px\" \/>\t\t\t\t\t\t\t\t\t\t\t\t\t\t\t<\/div>\n\t\t\t\t<\/div>\n\t\t\t\t<\/div>\n\t\t<div class=\"elementor-element elementor-element-ce93d45 e-con-full e-flex e-con e-child\" data-id=\"ce93d45\" data-element_type=\"container\" data-e-type=\"container\">\n\t\t\t\t<div class=\"elementor-element elementor-element-784e4fe elementor-widget elementor-widget-heading\" data-id=\"784e4fe\" data-element_type=\"widget\" data-e-type=\"widget\" data-widget_type=\"heading.default\">\n\t\t\t\t<div class=\"elementor-widget-container\">\n\t\t\t\t\t<h2 class=\"elementor-heading-title elementor-size-default\">Conclus\u00e3o<\/h2>\t\t\t\t<\/div>\n\t\t\t\t<\/div>\n\t\t\t\t<div class=\"elementor-element elementor-element-f4ba008 elementor-widget__width-initial elementor-widget elementor-widget-text-editor\" data-id=\"f4ba008\" data-element_type=\"widget\" data-e-type=\"widget\" data-widget_type=\"text-editor.default\">\n\t\t\t\t<div class=\"elementor-widget-container\">\n\t\t\t\t\t\t\t\t\t<p><strong>Aumento de 200%<\/strong> na audi\u00eancia do site, gerou leads qualificados e melhorou a fideliza\u00e7\u00e3o de clientes atrav\u00e9s de e-mail marketing segmentado.\u2028A administra\u00e7\u00e3o agora tem uma vis\u00e3o clara do impacto dos canais digitais nas reservas e receitas, permitindo ajustes estrat\u00e9gicos conforme sazonalidades e oportunidades de mercado, posicionando a fazenda \u00e0 frente dos concorrentes no ambiente digital.<\/p>\t\t\t\t\t\t\t\t<\/div>\n\t\t\t\t<\/div>\n\t\t\t\t<\/div>\n\t\t\t\t<\/div>\n\t\t<div class=\"elementor-element elementor-element-0af17fb e-flex e-con-boxed e-con e-parent\" data-id=\"0af17fb\" data-element_type=\"container\" data-e-type=\"container\" data-settings=\"{&quot;background_background&quot;:&quot;gradient&quot;}\">\n\t\t\t\t\t<div class=\"e-con-inner\">\n\t\t\t\t<div class=\"elementor-element elementor-element-6ebbd3f elementor-widget elementor-widget-heading\" data-id=\"6ebbd3f\" data-element_type=\"widget\" data-e-type=\"widget\" data-widget_type=\"heading.default\">\n\t\t\t\t<div class=\"elementor-widget-container\">\n\t\t\t\t\t<h3 class=\"elementor-heading-title elementor-size-default\">Descubra como transformamos neg\u00f3cios com criatividade.<\/h3>\t\t\t\t<\/div>\n\t\t\t\t<\/div>\n\t\t\t\t<div class=\"elementor-element elementor-element-56c47e6 elementor-widget__width-initial btn-consultor elementor-widget elementor-widget-button\" data-id=\"56c47e6\" data-element_type=\"widget\" data-e-type=\"widget\" data-widget_type=\"button.default\">\n\t\t\t\t<div class=\"elementor-widget-container\">\n\t\t\t\t\t\t\t\t\t<div class=\"elementor-button-wrapper\">\n\t\t\t\t\t<a class=\"elementor-button elementor-button-link elementor-size-sm\" href=\"https:\/\/imaginadora.com.br\/novo-contato\/\">\n\t\t\t\t\t\t<span class=\"elementor-button-content-wrapper\">\n\t\t\t\t\t\t\t\t\t<span class=\"elementor-button-text\">FALAR COM UM CONSULTOR<\/span>\n\t\t\t\t\t<\/span>\n\t\t\t\t\t<\/a>\n\t\t\t\t<\/div>\n\t\t\t\t\t\t\t\t<\/div>\n\t\t\t\t<\/div>\n\t\t\t\t<div class=\"elementor-element elementor-element-e5744bb elementor-widget__width-initial elementor-widget elementor-widget-image\" data-id=\"e5744bb\" data-element_type=\"widget\" data-e-type=\"widget\" data-settings=\"{&quot;motion_fx_motion_fx_scrolling&quot;:&quot;yes&quot;,&quot;motion_fx_translateX_effect&quot;:&quot;yes&quot;,&quot;motion_fx_translateX_direction&quot;:&quot;negative&quot;,&quot;motion_fx_translateX_speed&quot;:{&quot;unit&quot;:&quot;px&quot;,&quot;size&quot;:4,&quot;sizes&quot;:[]},&quot;motion_fx_translateX_affectedRange&quot;:{&quot;unit&quot;:&quot;%&quot;,&quot;size&quot;:&quot;&quot;,&quot;sizes&quot;:{&quot;start&quot;:0,&quot;end&quot;:100}},&quot;motion_fx_devices&quot;:[&quot;desktop&quot;,&quot;tablet&quot;,&quot;mobile&quot;]}\" data-widget_type=\"image.default\">\n\t\t\t\t<div class=\"elementor-widget-container\">\n\t\t\t\t\t\t\t\t\t\t\t\t\t\t\t<img loading=\"lazy\" decoding=\"async\" width=\"320\" height=\"173\" src=\"https:\/\/imaginadora.com.br\/wp-content\/uploads\/2024\/10\/image_57-1.webp\" class=\"attachment-full size-full wp-image-1276\" alt=\"\" srcset=\"https:\/\/imaginadora.com.br\/wp-content\/uploads\/2024\/10\/image_57-1.webp 320w, https:\/\/imaginadora.com.br\/wp-content\/uploads\/2024\/10\/image_57-1-300x162.webp 300w\" sizes=\"(max-width: 320px) 100vw, 320px\" \/>\t\t\t\t\t\t\t\t\t\t\t\t\t\t\t<\/div>\n\t\t\t\t<\/div>\n\t\t\t\t<div class=\"elementor-element elementor-element-d189f0c elementor-widget__width-initial elementor-widget elementor-widget-image\" data-id=\"d189f0c\" data-element_type=\"widget\" data-e-type=\"widget\" data-settings=\"{&quot;motion_fx_motion_fx_scrolling&quot;:&quot;yes&quot;,&quot;motion_fx_translateX_effect&quot;:&quot;yes&quot;,&quot;motion_fx_translateX_speed&quot;:{&quot;unit&quot;:&quot;px&quot;,&quot;size&quot;:4,&quot;sizes&quot;:[]},&quot;motion_fx_translateX_affectedRange&quot;:{&quot;unit&quot;:&quot;%&quot;,&quot;size&quot;:&quot;&quot;,&quot;sizes&quot;:{&quot;start&quot;:0,&quot;end&quot;:100}},&quot;motion_fx_devices&quot;:[&quot;desktop&quot;,&quot;tablet&quot;,&quot;mobile&quot;]}\" data-widget_type=\"image.default\">\n\t\t\t\t<div class=\"elementor-widget-container\">\n\t\t\t\t\t\t\t\t\t\t\t\t\t\t\t<img loading=\"lazy\" decoding=\"async\" width=\"320\" height=\"173\" src=\"https:\/\/imaginadora.com.br\/wp-content\/uploads\/2024\/10\/image_57-1.webp\" class=\"attachment-full size-full wp-image-1276\" alt=\"\" srcset=\"https:\/\/imaginadora.com.br\/wp-content\/uploads\/2024\/10\/image_57-1.webp 320w, https:\/\/imaginadora.com.br\/wp-content\/uploads\/2024\/10\/image_57-1-300x162.webp 300w\" sizes=\"(max-width: 320px) 100vw, 320px\" \/>\t\t\t\t\t\t\t\t\t\t\t\t\t\t\t<\/div>\n\t\t\t\t<\/div>\n\t\t\t\t\t<\/div>\n\t\t\t\t<\/div>\n\t\t\t\t<\/div>\n\t\t","protected":false},"excerpt":{"rendered":"<p>CasesFazenda Capoava: a estrat\u00e9gia que aumentou as vendas e o alcanceFALAR COM UM CONSULTORCasesFazenda Capoava: a estrat\u00e9gia que aumentou as vendas e o alcanceFALAR COM UM CONSULTORCasesFazenda Capoava: a estrat\u00e9gia que aumentou as vendas e o alcanceFALAR COM UM CONSULTOR Objetivo Fortalecer a marca da Fazenda Capoava nos mercados B2C e B2B, alcan\u00e7ando consumidores e [&hellip;]<\/p>\n","protected":false},"author":1,"featured_media":0,"parent":0,"menu_order":0,"comment_status":"closed","ping_status":"closed","template":"","meta":{"footnotes":""},"class_list":["post-4248","page","type-page","status-publish","hentry"],"aioseo_notices":[],"_links":{"self":[{"href":"https:\/\/imaginadora.com.br\/en\/wp-json\/wp\/v2\/pages\/4248","targetHints":{"allow":["GET"]}}],"collection":[{"href":"https:\/\/imaginadora.com.br\/en\/wp-json\/wp\/v2\/pages"}],"about":[{"href":"https:\/\/imaginadora.com.br\/en\/wp-json\/wp\/v2\/types\/page"}],"author":[{"embeddable":true,"href":"https:\/\/imaginadora.com.br\/en\/wp-json\/wp\/v2\/users\/1"}],"replies":[{"embeddable":true,"href":"https:\/\/imaginadora.com.br\/en\/wp-json\/wp\/v2\/comments?post=4248"}],"version-history":[{"count":63,"href":"https:\/\/imaginadora.com.br\/en\/wp-json\/wp\/v2\/pages\/4248\/revisions"}],"predecessor-version":[{"id":8376,"href":"https:\/\/imaginadora.com.br\/en\/wp-json\/wp\/v2\/pages\/4248\/revisions\/8376"}],"wp:attachment":[{"href":"https:\/\/imaginadora.com.br\/en\/wp-json\/wp\/v2\/media?parent=4248"}],"curies":[{"name":"wp","href":"https:\/\/api.w.org\/{rel}","templated":true}]}}