{"id":5362,"date":"2024-10-21T11:36:15","date_gmt":"2024-10-21T11:36:15","guid":{"rendered":"https:\/\/dev.uxagency.com.br\/imaginadora\/?page_id=5362"},"modified":"2025-02-11T18:05:30","modified_gmt":"2025-02-11T18:05:30","slug":"cases-washington-dc","status":"publish","type":"page","link":"https:\/\/imaginadora.com.br\/en\/cases-washington-dc\/","title":{"rendered":"cases &#8211; Washington  DC"},"content":{"rendered":"\t\t<div data-elementor-type=\"wp-page\" data-elementor-id=\"5362\" class=\"elementor elementor-5362\" data-elementor-settings=\"{&quot;ha_cmc_init_switcher&quot;:&quot;no&quot;}\" data-elementor-post-type=\"page\">\n\t\t\t\t<div class=\"elementor-element elementor-element-9d52417 e-con-full e-flex e-con e-parent\" data-id=\"9d52417\" data-element_type=\"container\" data-e-type=\"container\">\n\t\t\t\t<div class=\"elementor-element elementor-element-78d5539 elementor--h-position-left elementor-widget__width-initial elementor--v-position-middle elementor-pagination-position-inside elementor-widget elementor-widget-slides\" data-id=\"78d5539\" data-element_type=\"widget\" data-e-type=\"widget\" data-settings=\"{&quot;navigation&quot;:&quot;dots&quot;,&quot;autoplay&quot;:&quot;yes&quot;,&quot;pause_on_hover&quot;:&quot;yes&quot;,&quot;pause_on_interaction&quot;:&quot;yes&quot;,&quot;autoplay_speed&quot;:5000,&quot;infinite&quot;:&quot;yes&quot;,&quot;transition&quot;:&quot;slide&quot;,&quot;transition_speed&quot;:500}\" data-widget_type=\"slides.default\">\n\t\t\t\t<div class=\"elementor-widget-container\">\n\t\t\t\t\t\t\t\t\t<div class=\"elementor-swiper\">\n\t\t\t\t\t<div class=\"elementor-slides-wrapper elementor-main-swiper swiper\" role=\"region\" aria-roledescription=\"carousel\" aria-label=\"Slides\" dir=\"ltr\" data-animation=\"fadeInUp\">\n\t\t\t\t<div class=\"swiper-wrapper elementor-slides\">\n\t\t\t\t\t\t\t\t\t\t<div class=\"elementor-repeater-item-7fb7457 swiper-slide\" role=\"group\" aria-roledescription=\"slide\"><div class=\"swiper-slide-bg\" role=\"img\" aria-label=\"Slice 4\"><\/div><div class=\"swiper-slide-inner\" ><div class=\"swiper-slide-contents\"><div class=\"elementor-slide-heading\">Cases<\/div><div class=\"elementor-slide-description\">Posicionamento de Destino - Washington DC<\/div><a href=\"https:\/\/imaginadora.com.br\/novo-contato\/\" class=\"elementor-button elementor-slide-button elementor-size-sm\">FALAR COM UM CONSULTOR<\/a><\/div><\/div><\/div><div class=\"elementor-repeater-item-1c527d8 swiper-slide\" role=\"group\" aria-roledescription=\"slide\"><div class=\"swiper-slide-bg\" role=\"img\" aria-label=\"slice_13 (1)\"><\/div><div class=\"swiper-slide-inner\" ><div class=\"swiper-slide-contents\"><div class=\"elementor-slide-heading\">Cases<\/div><div class=\"elementor-slide-description\">Posicionamento de Destino - Washington DC<\/div><a href=\"https:\/\/imaginadora.com.br\/novo-contato\/\" class=\"elementor-button elementor-slide-button elementor-size-sm\">FALAR COM UM CONSULTOR<\/a><\/div><\/div><\/div><div class=\"elementor-repeater-item-cfd855a swiper-slide\" role=\"group\" aria-roledescription=\"slide\"><div class=\"swiper-slide-bg\" role=\"img\" aria-label=\"slice_13\"><\/div><div class=\"swiper-slide-inner\" ><div class=\"swiper-slide-contents\"><div class=\"elementor-slide-heading\">Cases<\/div><div class=\"elementor-slide-description\">Posicionamento de Destino - Washington DC<\/div><a href=\"https:\/\/imaginadora.com.br\/novo-contato\/\" class=\"elementor-button elementor-slide-button elementor-size-sm\">FALAR COM UM CONSULTOR<\/a><\/div><\/div><\/div>\t\t\t\t<\/div>\n\t\t\t\t\t\t\t\t\t\t\t\t\t\t\t\t\t\t\t\t<div class=\"swiper-pagination\"><\/div>\n\t\t\t\t\t\t\t\t\t\t\t\t<\/div>\n\t\t\t\t<\/div>\n\t\t\t\t\t\t\t\t<\/div>\n\t\t\t\t<\/div>\n\t\t\t\t<\/div>\n\t\t<div class=\"elementor-element elementor-element-e97443f e-flex e-con-boxed e-con e-parent\" data-id=\"e97443f\" data-element_type=\"container\" data-e-type=\"container\" data-settings=\"{&quot;background_background&quot;:&quot;classic&quot;}\">\n\t\t\t\t\t<div class=\"e-con-inner\">\n\t\t<div class=\"elementor-element elementor-element-a35840d e-con-full e-flex e-con e-child\" data-id=\"a35840d\" data-element_type=\"container\" data-e-type=\"container\">\n\t\t\t\t<div class=\"elementor-element elementor-element-24bea2d elementor-widget__width-initial elementor-widget elementor-widget-image\" data-id=\"24bea2d\" data-element_type=\"widget\" data-e-type=\"widget\" data-widget_type=\"image.default\">\n\t\t\t\t<div class=\"elementor-widget-container\">\n\t\t\t\t\t\t\t\t\t\t\t\t\t\t\t<img decoding=\"async\" width=\"75\" height=\"116\" src=\"https:\/\/imaginadora.com.br\/wp-content\/uploads\/2024\/10\/Group-17.svg\" class=\"attachment-full size-full wp-image-1812\" alt=\"\" \/>\t\t\t\t\t\t\t\t\t\t\t\t\t\t\t<\/div>\n\t\t\t\t<\/div>\n\t\t\t\t<div class=\"elementor-element elementor-element-398b88e elementor-widget__width-initial elementor-widget elementor-widget-image\" data-id=\"398b88e\" data-element_type=\"widget\" data-e-type=\"widget\" data-widget_type=\"image.default\">\n\t\t\t\t<div class=\"elementor-widget-container\">\n\t\t\t\t\t\t\t\t\t\t\t\t\t\t\t<img fetchpriority=\"high\" decoding=\"async\" width=\"592\" height=\"712\" src=\"https:\/\/imaginadora.com.br\/wp-content\/uploads\/2024\/10\/dsc05803-1.webp\" class=\"attachment-full size-full wp-image-5377\" alt=\"\" srcset=\"https:\/\/imaginadora.com.br\/wp-content\/uploads\/2024\/10\/dsc05803-1.webp 592w, https:\/\/imaginadora.com.br\/wp-content\/uploads\/2024\/10\/dsc05803-1-249x300.webp 249w\" sizes=\"(max-width: 592px) 100vw, 592px\" \/>\t\t\t\t\t\t\t\t\t\t\t\t\t\t\t<\/div>\n\t\t\t\t<\/div>\n\t\t\t\t<div class=\"elementor-element elementor-element-d2cb4a9 elementor-widget elementor-widget-image\" data-id=\"d2cb4a9\" data-element_type=\"widget\" data-e-type=\"widget\" data-settings=\"{&quot;motion_fx_motion_fx_scrolling&quot;:&quot;yes&quot;,&quot;motion_fx_translateX_effect&quot;:&quot;yes&quot;,&quot;motion_fx_translateX_direction&quot;:&quot;negative&quot;,&quot;motion_fx_translateX_speed&quot;:{&quot;unit&quot;:&quot;px&quot;,&quot;size&quot;:4,&quot;sizes&quot;:[]},&quot;motion_fx_translateX_affectedRange&quot;:{&quot;unit&quot;:&quot;%&quot;,&quot;size&quot;:&quot;&quot;,&quot;sizes&quot;:{&quot;start&quot;:0,&quot;end&quot;:100}},&quot;motion_fx_devices&quot;:[&quot;desktop&quot;,&quot;tablet&quot;,&quot;mobile&quot;]}\" data-widget_type=\"image.default\">\n\t\t\t\t<div class=\"elementor-widget-container\">\n\t\t\t\t\t\t\t\t\t\t\t\t\t\t\t<img decoding=\"async\" width=\"1077\" height=\"542\" src=\"https:\/\/imaginadora.com.br\/wp-content\/uploads\/2024\/10\/image_72.webp\" class=\"attachment-full size-full wp-image-4343\" alt=\"\" srcset=\"https:\/\/imaginadora.com.br\/wp-content\/uploads\/2024\/10\/image_72.webp 1077w, https:\/\/imaginadora.com.br\/wp-content\/uploads\/2024\/10\/image_72-300x151.webp 300w, https:\/\/imaginadora.com.br\/wp-content\/uploads\/2024\/10\/image_72-1024x515.webp 1024w, https:\/\/imaginadora.com.br\/wp-content\/uploads\/2024\/10\/image_72-768x386.webp 768w\" sizes=\"(max-width: 1077px) 100vw, 1077px\" \/>\t\t\t\t\t\t\t\t\t\t\t\t\t\t\t<\/div>\n\t\t\t\t<\/div>\n\t\t\t\t<\/div>\n\t\t<div class=\"elementor-element elementor-element-8e2bd3c e-con-full e-flex e-con e-child\" data-id=\"8e2bd3c\" data-element_type=\"container\" data-e-type=\"container\" data-settings=\"{&quot;background_background&quot;:&quot;classic&quot;}\">\n\t\t\t\t<div class=\"elementor-element elementor-element-dd30820 elementor-widget elementor-widget-heading\" data-id=\"dd30820\" data-element_type=\"widget\" data-e-type=\"widget\" data-widget_type=\"heading.default\">\n\t\t\t\t<div class=\"elementor-widget-container\">\n\t\t\t\t\t<h2 class=\"elementor-heading-title elementor-size-default\">Objetivo<\/h2>\t\t\t\t<\/div>\n\t\t\t\t<\/div>\n\t\t\t\t<div class=\"elementor-element elementor-element-bab125d elementor-widget__width-initial elementor-widget elementor-widget-text-editor\" data-id=\"bab125d\" data-element_type=\"widget\" data-e-type=\"widget\" data-widget_type=\"text-editor.default\">\n\t\t\t\t<div class=\"elementor-widget-container\">\n\t\t\t\t\t\t\t\t\t<p>Mudar percep\u00e7\u00e3o sobre a capital, desenhando imagem de destino diversificado, divertido, multicultural, de charme e que merece no m\u00ednimo 3 dias de perman\u00eancia\u00a0<\/p>\t\t\t\t\t\t\t\t<\/div>\n\t\t\t\t<\/div>\n\t\t\t\t<\/div>\n\t\t\t\t\t<\/div>\n\t\t\t\t<\/div>\n\t\t<div class=\"elementor-element elementor-element-2db272f e-flex e-con-boxed e-con e-parent\" data-id=\"2db272f\" data-element_type=\"container\" data-e-type=\"container\" data-settings=\"{&quot;background_background&quot;:&quot;classic&quot;}\">\n\t\t\t\t\t<div class=\"e-con-inner\">\n\t\t\t\t\t<\/div>\n\t\t\t\t<\/div>\n\t\t<div class=\"elementor-element elementor-element-9d46908 e-con-full e-flex e-con e-parent\" data-id=\"9d46908\" data-element_type=\"container\" data-e-type=\"container\" data-settings=\"{&quot;background_background&quot;:&quot;classic&quot;}\">\n\t\t<div class=\"elementor-element elementor-element-7068cba e-con-full e-flex e-con e-child\" data-id=\"7068cba\" data-element_type=\"container\" data-e-type=\"container\">\n\t\t\t\t<div class=\"elementor-element elementor-element-faaa9c5 elementor-widget__width-initial elementor-widget elementor-widget-image\" data-id=\"faaa9c5\" data-element_type=\"widget\" data-e-type=\"widget\" data-widget_type=\"image.default\">\n\t\t\t\t<div class=\"elementor-widget-container\">\n\t\t\t\t\t\t\t\t\t\t\t\t\t\t\t<img loading=\"lazy\" decoding=\"async\" width=\"827\" height=\"552\" src=\"https:\/\/imaginadora.com.br\/wp-content\/uploads\/2024\/10\/dsc05792_3_.webp\" class=\"attachment-full size-full wp-image-5408\" alt=\"\" srcset=\"https:\/\/imaginadora.com.br\/wp-content\/uploads\/2024\/10\/dsc05792_3_.webp 827w, https:\/\/imaginadora.com.br\/wp-content\/uploads\/2024\/10\/dsc05792_3_-300x200.webp 300w, https:\/\/imaginadora.com.br\/wp-content\/uploads\/2024\/10\/dsc05792_3_-768x513.webp 768w\" sizes=\"(max-width: 827px) 100vw, 827px\" \/>\t\t\t\t\t\t\t\t\t\t\t\t\t\t\t<\/div>\n\t\t\t\t<\/div>\n\t\t\t\t<div class=\"elementor-element elementor-element-93825e6 elementor-widget__width-initial elementor-widget elementor-widget-image\" data-id=\"93825e6\" data-element_type=\"widget\" data-e-type=\"widget\" data-widget_type=\"image.default\">\n\t\t\t\t<div class=\"elementor-widget-container\">\n\t\t\t\t\t\t\t\t\t\t\t\t\t\t\t<img loading=\"lazy\" decoding=\"async\" width=\"920\" height=\"884\" src=\"https:\/\/imaginadora.com.br\/wp-content\/uploads\/2024\/10\/rectangle_553-1.webp\" class=\"attachment-full size-full wp-image-3025\" alt=\"\" srcset=\"https:\/\/imaginadora.com.br\/wp-content\/uploads\/2024\/10\/rectangle_553-1.webp 920w, https:\/\/imaginadora.com.br\/wp-content\/uploads\/2024\/10\/rectangle_553-1-300x288.webp 300w, https:\/\/imaginadora.com.br\/wp-content\/uploads\/2024\/10\/rectangle_553-1-768x738.webp 768w\" sizes=\"(max-width: 920px) 100vw, 920px\" \/>\t\t\t\t\t\t\t\t\t\t\t\t\t\t\t<\/div>\n\t\t\t\t<\/div>\n\t\t\t\t<\/div>\n\t\t<div class=\"elementor-element elementor-element-86e1662 e-con-full e-flex e-con e-child\" data-id=\"86e1662\" data-element_type=\"container\" data-e-type=\"container\">\n\t\t\t\t<div class=\"elementor-element elementor-element-ce88b51 elementor-widget elementor-widget-heading\" data-id=\"ce88b51\" data-element_type=\"widget\" data-e-type=\"widget\" data-widget_type=\"heading.default\">\n\t\t\t\t<div class=\"elementor-widget-container\">\n\t\t\t\t\t<h2 class=\"elementor-heading-title elementor-size-default\">T\u00e1tica<\/h2>\t\t\t\t<\/div>\n\t\t\t\t<\/div>\n\t\t\t\t<div class=\"elementor-element elementor-element-c121c11 elementor-widget__width-initial elementor-widget elementor-widget-text-editor\" data-id=\"c121c11\" data-element_type=\"widget\" data-e-type=\"widget\" data-widget_type=\"text-editor.default\">\n\t\t\t\t<div class=\"elementor-widget-container\">\n\t\t\t\t\t\t\t\t\t<p>Evento envolveu os principais operadores do Brasil em experi\u00eancia inusitada: plantaram \u00e1rvores brasileiras no Parque Ibirapuera, em S\u00e3o Paulo, fizeram um tour em carros de golfe e almo\u00e7aram em um restaurante no meio do parque. Esta t\u00e1tica marcou a presen\u00e7a de DC com sustentabilidade e criatividade.\u00a0<\/p>\t\t\t\t\t\t\t\t<\/div>\n\t\t\t\t<\/div>\n\t\t\t\t<\/div>\n\t\t\t\t<div class=\"elementor-element elementor-element-3c3b40d elementor-widget elementor-widget-image\" data-id=\"3c3b40d\" data-element_type=\"widget\" data-e-type=\"widget\" data-settings=\"{&quot;motion_fx_motion_fx_scrolling&quot;:&quot;yes&quot;,&quot;motion_fx_translateX_effect&quot;:&quot;yes&quot;,&quot;motion_fx_translateX_direction&quot;:&quot;negative&quot;,&quot;motion_fx_translateX_speed&quot;:{&quot;unit&quot;:&quot;px&quot;,&quot;size&quot;:4,&quot;sizes&quot;:[]},&quot;motion_fx_translateX_affectedRange&quot;:{&quot;unit&quot;:&quot;%&quot;,&quot;size&quot;:&quot;&quot;,&quot;sizes&quot;:{&quot;start&quot;:0,&quot;end&quot;:100}},&quot;motion_fx_devices&quot;:[&quot;desktop&quot;,&quot;tablet&quot;,&quot;mobile&quot;]}\" data-widget_type=\"image.default\">\n\t\t\t\t<div class=\"elementor-widget-container\">\n\t\t\t\t\t\t\t\t\t\t\t\t\t\t\t<img decoding=\"async\" width=\"1077\" height=\"542\" src=\"https:\/\/imaginadora.com.br\/wp-content\/uploads\/2024\/10\/image_72.webp\" class=\"attachment-full size-full wp-image-4343\" alt=\"\" srcset=\"https:\/\/imaginadora.com.br\/wp-content\/uploads\/2024\/10\/image_72.webp 1077w, https:\/\/imaginadora.com.br\/wp-content\/uploads\/2024\/10\/image_72-300x151.webp 300w, https:\/\/imaginadora.com.br\/wp-content\/uploads\/2024\/10\/image_72-1024x515.webp 1024w, https:\/\/imaginadora.com.br\/wp-content\/uploads\/2024\/10\/image_72-768x386.webp 768w\" sizes=\"(max-width: 1077px) 100vw, 1077px\" \/>\t\t\t\t\t\t\t\t\t\t\t\t\t\t\t<\/div>\n\t\t\t\t<\/div>\n\t\t\t\t<\/div>\n\t\t<div class=\"elementor-element elementor-element-17039dd e-flex e-con-boxed e-con e-parent\" data-id=\"17039dd\" data-element_type=\"container\" data-e-type=\"container\" data-settings=\"{&quot;background_background&quot;:&quot;classic&quot;}\">\n\t\t\t\t\t<div class=\"e-con-inner\">\n\t\t\t\t<div class=\"elementor-element elementor-element-021e423 elementor-arrows-position-inside elementor-widget elementor-widget-image-carousel\" data-id=\"021e423\" data-element_type=\"widget\" data-e-type=\"widget\" data-settings=\"{&quot;slides_to_show&quot;:&quot;2&quot;,&quot;navigation&quot;:&quot;arrows&quot;,&quot;speed&quot;:800,&quot;autoplay&quot;:&quot;yes&quot;,&quot;pause_on_hover&quot;:&quot;yes&quot;,&quot;pause_on_interaction&quot;:&quot;yes&quot;,&quot;autoplay_speed&quot;:5000,&quot;infinite&quot;:&quot;yes&quot;,&quot;image_spacing_custom&quot;:{&quot;unit&quot;:&quot;px&quot;,&quot;size&quot;:20,&quot;sizes&quot;:[]},&quot;image_spacing_custom_tablet&quot;:{&quot;unit&quot;:&quot;px&quot;,&quot;size&quot;:&quot;&quot;,&quot;sizes&quot;:[]},&quot;image_spacing_custom_mobile&quot;:{&quot;unit&quot;:&quot;px&quot;,&quot;size&quot;:&quot;&quot;,&quot;sizes&quot;:[]}}\" data-widget_type=\"image-carousel.default\">\n\t\t\t\t<div class=\"elementor-widget-container\">\n\t\t\t\t\t\t\t<div class=\"elementor-image-carousel-wrapper swiper\" role=\"region\" aria-roledescription=\"carousel\" aria-label=\"Carrossel de imagens\" dir=\"ltr\">\n\t\t\t<div class=\"elementor-image-carousel swiper-wrapper\" aria-live=\"off\">\n\t\t\t\t\t\t\t\t<div class=\"swiper-slide\" role=\"group\" aria-roledescription=\"slide\" aria-label=\"1 of 4\"><figure class=\"swiper-slide-inner\"><img decoding=\"async\" class=\"swiper-slide-image\" src=\"https:\/\/imaginadora.com.br\/wp-content\/uploads\/2024\/10\/dsc05792_3_-1.webp\" alt=\"dsc05792_3_ (1)\" \/><\/figure><\/div><div class=\"swiper-slide\" role=\"group\" aria-roledescription=\"slide\" aria-label=\"2 of 4\"><figure class=\"swiper-slide-inner\"><img decoding=\"async\" class=\"swiper-slide-image\" src=\"https:\/\/imaginadora.com.br\/wp-content\/uploads\/2024\/10\/dsc05797.webp\" alt=\"dsc05797\" \/><\/figure><\/div><div class=\"swiper-slide\" role=\"group\" aria-roledescription=\"slide\" aria-label=\"3 of 4\"><figure class=\"swiper-slide-inner\"><img decoding=\"async\" class=\"swiper-slide-image\" src=\"https:\/\/imaginadora.com.br\/wp-content\/uploads\/2024\/10\/dsc05792_3_-1-1.webp\" alt=\"dsc05792_3_ (1)\" \/><\/figure><\/div><div class=\"swiper-slide\" role=\"group\" aria-roledescription=\"slide\" aria-label=\"4 of 4\"><figure class=\"swiper-slide-inner\"><img decoding=\"async\" class=\"swiper-slide-image\" src=\"https:\/\/imaginadora.com.br\/wp-content\/uploads\/2024\/10\/dsc05797-1.webp\" alt=\"dsc05797\" \/><\/figure><\/div>\t\t\t<\/div>\n\t\t\t\t\t\t\t\t\t\t\t\t<div class=\"elementor-swiper-button elementor-swiper-button-prev\" role=\"button\" tabindex=\"0\">\n\t\t\t\t\t\t<svg xmlns=\"http:\/\/www.w3.org\/2000\/svg\" width=\"91\" height=\"90\" viewBox=\"0 0 91 90\" fill=\"none\"><rect width=\"90.9375\" height=\"90\" rx=\"8\" fill=\"#2DD3AF\"><\/rect><path d=\"M52.708 63.4167L40.6565 51.3652C37.5323 48.241 37.5323 43.1757 40.6565 40.0515L52.708 28\" stroke=\"white\" stroke-width=\"2.8\" stroke-linecap=\"round\" stroke-linejoin=\"round\"><\/path><\/svg>\t\t\t\t\t<\/div>\n\t\t\t\t\t<div class=\"elementor-swiper-button elementor-swiper-button-next\" role=\"button\" tabindex=\"0\">\n\t\t\t\t\t\t<svg xmlns=\"http:\/\/www.w3.org\/2000\/svg\" width=\"91\" height=\"90\" viewBox=\"0 0 91 90\" fill=\"none\"><rect width=\"90.9375\" height=\"90\" rx=\"8\" transform=\"matrix(-1 0 0 1 90.9375 0)\" fill=\"#2DD3AF\"><\/rect><path d=\"M38.2295 63.4167L50.281 51.3652C53.4052 48.241 53.4052 43.1757 50.281 40.0515L38.2295 28\" stroke=\"white\" stroke-width=\"2.8\" stroke-linecap=\"round\" stroke-linejoin=\"round\"><\/path><\/svg>\t\t\t\t\t<\/div>\n\t\t\t\t\n\t\t\t\t\t\t\t\t\t<\/div>\n\t\t\t\t\t\t<\/div>\n\t\t\t\t<\/div>\n\t\t\t\t\t<\/div>\n\t\t\t\t<\/div>\n\t\t<div class=\"elementor-element elementor-element-0a8a2e4 e-con-full e-flex e-con e-parent\" data-id=\"0a8a2e4\" data-element_type=\"container\" data-e-type=\"container\" data-settings=\"{&quot;background_background&quot;:&quot;classic&quot;}\">\n\t\t<div class=\"elementor-element elementor-element-38d7006 e-con-full e-flex e-con e-child\" data-id=\"38d7006\" data-element_type=\"container\" data-e-type=\"container\">\n\t\t\t\t<div class=\"elementor-element elementor-element-48c28ee elementor-widget__width-initial elementor-widget elementor-widget-video\" data-id=\"48c28ee\" data-element_type=\"widget\" data-e-type=\"widget\" data-settings=\"{&quot;show_image_overlay&quot;:&quot;yes&quot;,&quot;image_overlay&quot;:{&quot;url&quot;:&quot;https:\\\/\\\/imaginadora.com.br\\\/wp-content\\\/uploads\\\/2024\\\/10\\\/medium_shot_plus_sized_woman_influencer_1-12.webp&quot;,&quot;id&quot;:5425,&quot;size&quot;:&quot;&quot;,&quot;alt&quot;:&quot;&quot;,&quot;source&quot;:&quot;library&quot;},&quot;video_type&quot;:&quot;hosted&quot;,&quot;controls&quot;:&quot;yes&quot;}\" data-widget_type=\"video.default\">\n\t\t\t\t<div class=\"elementor-widget-container\">\n\t\t\t\t\t\t\t<div class=\"e-hosted-video elementor-wrapper elementor-open-inline\">\n\t\t\t\t\t<video class=\"elementor-video\" src=\"https:\/\/imaginadora.com.br\/wp-content\/uploads\/2024\/10\/Sales-Mission.mp4\" controls=\"\" preload=\"metadata\" controlsList=\"nodownload\"><\/video>\n\t\t\t\t\t\t<div class=\"elementor-custom-embed-image-overlay\" style=\"background-image: url(https:\/\/imaginadora.com.br\/wp-content\/uploads\/2024\/10\/medium_shot_plus_sized_woman_influencer_1-12.webp);\">\n\t\t\t\t\t\t\t\t\t\t\t\t\t\t\t\t<div class=\"elementor-custom-embed-play\" role=\"button\" aria-label=\"Play Video\" tabindex=\"0\">\n\t\t\t\t\t\t\t<svg aria-hidden=\"true\" class=\"e-font-icon-svg e-eicon-play\" viewBox=\"0 0 1000 1000\" xmlns=\"http:\/\/www.w3.org\/2000\/svg\"><path d=\"M838 162C746 71 633 25 500 25 371 25 258 71 163 162 71 254 25 367 25 500 25 633 71 746 163 837 254 929 367 979 500 979 633 979 746 933 838 837 929 746 975 633 975 500 975 367 929 254 838 162M808 192C892 279 933 379 933 500 933 621 892 725 808 808 725 892 621 938 500 938 379 938 279 896 196 808 113 725 67 621 67 500 67 379 108 279 196 192 279 108 383 62 500 62 621 62 721 108 808 192M438 392V642L642 517 438 392Z\"><\/path><\/svg>\t\t\t\t\t\t<\/div>\n\t\t\t\t\t\t\t\t\t<\/div>\n\t\t\t\t\t<\/div>\n\t\t\t\t\t\t<\/div>\n\t\t\t\t<\/div>\n\t\t\t\t<\/div>\n\t\t<div class=\"elementor-element elementor-element-ce93d45 e-con-full e-flex e-con e-child\" data-id=\"ce93d45\" data-element_type=\"container\" data-e-type=\"container\">\n\t\t\t\t<div class=\"elementor-element elementor-element-784e4fe elementor-widget elementor-widget-heading\" data-id=\"784e4fe\" data-element_type=\"widget\" data-e-type=\"widget\" data-widget_type=\"heading.default\">\n\t\t\t\t<div class=\"elementor-widget-container\">\n\t\t\t\t\t<h2 class=\"elementor-heading-title elementor-size-default\">Conclus\u00e3o<\/h2>\t\t\t\t<\/div>\n\t\t\t\t<\/div>\n\t\t\t\t<div class=\"elementor-element elementor-element-f4ba008 elementor-widget__width-initial elementor-widget elementor-widget-text-editor\" data-id=\"f4ba008\" data-element_type=\"widget\" data-e-type=\"widget\" data-widget_type=\"text-editor.default\">\n\t\t\t\t<div class=\"elementor-widget-container\">\n\t\t\t\t\t\t\t\t\t<p>Real aumento de interesse por parte dos operadores para promover DC. Novos roteiros foram criados e DC entrou na m\u00eddia pr\u00f3pria de muitos distribuidores. E j\u00e1 medimos tamb\u00e9m aumento de pedidos de treinamentos e \u201cawareness\u201d.<\/p>\t\t\t\t\t\t\t\t<\/div>\n\t\t\t\t<\/div>\n\t\t\t\t<\/div>\n\t\t\t\t<\/div>\n\t\t<div class=\"elementor-element elementor-element-0af17fb e-flex e-con-boxed e-con e-parent\" data-id=\"0af17fb\" data-element_type=\"container\" data-e-type=\"container\" data-settings=\"{&quot;background_background&quot;:&quot;gradient&quot;}\">\n\t\t\t\t\t<div class=\"e-con-inner\">\n\t\t\t\t<div class=\"elementor-element elementor-element-6ebbd3f elementor-widget elementor-widget-heading\" data-id=\"6ebbd3f\" data-element_type=\"widget\" data-e-type=\"widget\" data-widget_type=\"heading.default\">\n\t\t\t\t<div class=\"elementor-widget-container\">\n\t\t\t\t\t<h3 class=\"elementor-heading-title elementor-size-default\">Descubra como transformamos neg\u00f3cios \u2028com criatividade.<\/h3>\t\t\t\t<\/div>\n\t\t\t\t<\/div>\n\t\t\t\t<div class=\"elementor-element elementor-element-56c47e6 elementor-widget__width-initial btn-consultor elementor-widget elementor-widget-button\" data-id=\"56c47e6\" data-element_type=\"widget\" data-e-type=\"widget\" data-widget_type=\"button.default\">\n\t\t\t\t<div class=\"elementor-widget-container\">\n\t\t\t\t\t\t\t\t\t<div class=\"elementor-button-wrapper\">\n\t\t\t\t\t<a class=\"elementor-button elementor-button-link elementor-size-sm\" href=\"https:\/\/imaginadora.com.br\/novo-contato\/\">\n\t\t\t\t\t\t<span class=\"elementor-button-content-wrapper\">\n\t\t\t\t\t\t\t\t\t<span class=\"elementor-button-text\">FALAR COM UM CONSULTOR<\/span>\n\t\t\t\t\t<\/span>\n\t\t\t\t\t<\/a>\n\t\t\t\t<\/div>\n\t\t\t\t\t\t\t\t<\/div>\n\t\t\t\t<\/div>\n\t\t\t\t<div class=\"elementor-element elementor-element-e5744bb elementor-widget__width-initial elementor-widget elementor-widget-image\" data-id=\"e5744bb\" data-element_type=\"widget\" data-e-type=\"widget\" data-settings=\"{&quot;motion_fx_motion_fx_scrolling&quot;:&quot;yes&quot;,&quot;motion_fx_translateX_effect&quot;:&quot;yes&quot;,&quot;motion_fx_translateX_direction&quot;:&quot;negative&quot;,&quot;motion_fx_translateX_speed&quot;:{&quot;unit&quot;:&quot;px&quot;,&quot;size&quot;:4,&quot;sizes&quot;:[]},&quot;motion_fx_translateX_affectedRange&quot;:{&quot;unit&quot;:&quot;%&quot;,&quot;size&quot;:&quot;&quot;,&quot;sizes&quot;:{&quot;start&quot;:0,&quot;end&quot;:100}},&quot;motion_fx_devices&quot;:[&quot;desktop&quot;,&quot;tablet&quot;,&quot;mobile&quot;]}\" data-widget_type=\"image.default\">\n\t\t\t\t<div class=\"elementor-widget-container\">\n\t\t\t\t\t\t\t\t\t\t\t\t\t\t\t<img loading=\"lazy\" decoding=\"async\" width=\"320\" height=\"173\" src=\"https:\/\/imaginadora.com.br\/wp-content\/uploads\/2024\/10\/image_57-1.webp\" class=\"attachment-full size-full wp-image-1276\" alt=\"\" srcset=\"https:\/\/imaginadora.com.br\/wp-content\/uploads\/2024\/10\/image_57-1.webp 320w, https:\/\/imaginadora.com.br\/wp-content\/uploads\/2024\/10\/image_57-1-300x162.webp 300w\" sizes=\"(max-width: 320px) 100vw, 320px\" \/>\t\t\t\t\t\t\t\t\t\t\t\t\t\t\t<\/div>\n\t\t\t\t<\/div>\n\t\t\t\t<div class=\"elementor-element elementor-element-d189f0c elementor-widget__width-initial elementor-widget elementor-widget-image\" data-id=\"d189f0c\" data-element_type=\"widget\" data-e-type=\"widget\" data-settings=\"{&quot;motion_fx_motion_fx_scrolling&quot;:&quot;yes&quot;,&quot;motion_fx_translateX_effect&quot;:&quot;yes&quot;,&quot;motion_fx_translateX_speed&quot;:{&quot;unit&quot;:&quot;px&quot;,&quot;size&quot;:4,&quot;sizes&quot;:[]},&quot;motion_fx_translateX_affectedRange&quot;:{&quot;unit&quot;:&quot;%&quot;,&quot;size&quot;:&quot;&quot;,&quot;sizes&quot;:{&quot;start&quot;:0,&quot;end&quot;:100}},&quot;motion_fx_devices&quot;:[&quot;desktop&quot;,&quot;tablet&quot;,&quot;mobile&quot;]}\" data-widget_type=\"image.default\">\n\t\t\t\t<div class=\"elementor-widget-container\">\n\t\t\t\t\t\t\t\t\t\t\t\t\t\t\t<img loading=\"lazy\" decoding=\"async\" width=\"320\" height=\"173\" src=\"https:\/\/imaginadora.com.br\/wp-content\/uploads\/2024\/10\/image_57-1.webp\" class=\"attachment-full size-full wp-image-1276\" alt=\"\" srcset=\"https:\/\/imaginadora.com.br\/wp-content\/uploads\/2024\/10\/image_57-1.webp 320w, https:\/\/imaginadora.com.br\/wp-content\/uploads\/2024\/10\/image_57-1-300x162.webp 300w\" sizes=\"(max-width: 320px) 100vw, 320px\" \/>\t\t\t\t\t\t\t\t\t\t\t\t\t\t\t<\/div>\n\t\t\t\t<\/div>\n\t\t\t\t\t<\/div>\n\t\t\t\t<\/div>\n\t\t\t\t<\/div>\n\t\t","protected":false},"excerpt":{"rendered":"<p>CasesPosicionamento de Destino &#8211; Washington DCFALAR COM UM CONSULTORCasesPosicionamento de Destino &#8211; Washington DCFALAR COM UM CONSULTORCasesPosicionamento de Destino &#8211; Washington DCFALAR COM UM CONSULTOR Objetivo Mudar percep\u00e7\u00e3o sobre a capital, desenhando imagem de destino diversificado, divertido, multicultural, de charme e que merece no m\u00ednimo 3 dias de perman\u00eancia\u00a0 T\u00e1tica Evento envolveu os principais operadores [&hellip;]<\/p>\n","protected":false},"author":1,"featured_media":0,"parent":0,"menu_order":0,"comment_status":"closed","ping_status":"closed","template":"","meta":{"footnotes":""},"class_list":["post-5362","page","type-page","status-publish","hentry"],"aioseo_notices":[],"_links":{"self":[{"href":"https:\/\/imaginadora.com.br\/en\/wp-json\/wp\/v2\/pages\/5362","targetHints":{"allow":["GET"]}}],"collection":[{"href":"https:\/\/imaginadora.com.br\/en\/wp-json\/wp\/v2\/pages"}],"about":[{"href":"https:\/\/imaginadora.com.br\/en\/wp-json\/wp\/v2\/types\/page"}],"author":[{"embeddable":true,"href":"https:\/\/imaginadora.com.br\/en\/wp-json\/wp\/v2\/users\/1"}],"replies":[{"embeddable":true,"href":"https:\/\/imaginadora.com.br\/en\/wp-json\/wp\/v2\/comments?post=5362"}],"version-history":[{"count":21,"href":"https:\/\/imaginadora.com.br\/en\/wp-json\/wp\/v2\/pages\/5362\/revisions"}],"predecessor-version":[{"id":8386,"href":"https:\/\/imaginadora.com.br\/en\/wp-json\/wp\/v2\/pages\/5362\/revisions\/8386"}],"wp:attachment":[{"href":"https:\/\/imaginadora.com.br\/en\/wp-json\/wp\/v2\/media?parent=5362"}],"curies":[{"name":"wp","href":"https:\/\/api.w.org\/{rel}","templated":true}]}}