{"id":9053,"date":"2026-02-10T16:13:15","date_gmt":"2026-02-10T19:13:15","guid":{"rendered":"https:\/\/imaginadora.com.br\/?page_id=9053"},"modified":"2026-02-23T13:17:06","modified_gmt":"2026-02-23T16:17:06","slug":"workshop-ia","status":"publish","type":"page","link":"https:\/\/imaginadora.com.br\/en\/workshop-ia\/","title":{"rendered":"Workshop IA"},"content":{"rendered":"\t\t<div data-elementor-type=\"wp-page\" data-elementor-id=\"9053\" class=\"elementor elementor-9053\" data-elementor-settings=\"{&quot;ha_cmc_init_switcher&quot;:&quot;no&quot;}\" data-elementor-post-type=\"page\">\n\t\t\t\t<div class=\"elementor-element elementor-element-9d52417 e-con-full e-flex e-con e-parent\" data-id=\"9d52417\" data-element_type=\"container\" data-e-type=\"container\">\n\t\t\t\t<div class=\"elementor-element elementor-element-78d5539 elementor--h-position-left elementor-widget__width-initial elementor--v-position-middle elementor-pagination-position-inside elementor-widget elementor-widget-slides\" data-id=\"78d5539\" data-element_type=\"widget\" data-e-type=\"widget\" data-settings=\"{&quot;navigation&quot;:&quot;dots&quot;,&quot;autoplay&quot;:&quot;yes&quot;,&quot;pause_on_hover&quot;:&quot;yes&quot;,&quot;pause_on_interaction&quot;:&quot;yes&quot;,&quot;autoplay_speed&quot;:5000,&quot;infinite&quot;:&quot;yes&quot;,&quot;transition&quot;:&quot;slide&quot;,&quot;transition_speed&quot;:500}\" data-widget_type=\"slides.default\">\n\t\t\t\t<div class=\"elementor-widget-container\">\n\t\t\t\t\t\t\t\t\t<div class=\"elementor-swiper\">\n\t\t\t\t\t<div class=\"elementor-slides-wrapper elementor-main-swiper swiper\" role=\"region\" aria-roledescription=\"carousel\" aria-label=\"Slides\" dir=\"ltr\" data-animation=\"fadeInUp\">\n\t\t\t\t<div class=\"swiper-wrapper elementor-slides\">\n\t\t\t\t\t\t\t\t\t\t<div class=\"elementor-repeater-item-40667cd swiper-slide\" role=\"group\" aria-roledescription=\"slide\"><div class=\"swiper-slide-bg\" role=\"img\" aria-label=\"Design sem nome (23)\"><\/div><div class=\"swiper-slide-inner\" ><div class=\"swiper-slide-contents\"><div class=\"elementor-slide-heading\">Cases<\/div><div class=\"elementor-slide-description\">Workshop de IA para Turismo<\/div><a href=\"https:\/\/imaginadora.com.br\/novo-contato\/\" class=\"elementor-button elementor-slide-button elementor-size-sm\">FALE COM UM CONSULTOR<\/a><\/div><\/div><\/div><div class=\"elementor-repeater-item-7fb7457 swiper-slide\" role=\"group\" aria-roledescription=\"slide\"><div class=\"swiper-slide-bg\" role=\"img\" aria-label=\"Design sem nome (24)\"><\/div><div class=\"swiper-slide-inner\" ><div class=\"swiper-slide-contents\"><div class=\"elementor-slide-heading\">Cases<\/div><div class=\"elementor-slide-description\">Criatividade Humana + Intelig\u00eancia Artificial: o futuro da promo\u00e7\u00e3o tur\u00edstica<\/div><a href=\"https:\/\/imaginadora.com.br\/novo-contato\/\" class=\"elementor-button elementor-slide-button elementor-size-sm\">FALE COM UM CONSULTOR<\/a><\/div><\/div><\/div><div class=\"elementor-repeater-item-79b5472 swiper-slide\" role=\"group\" aria-roledescription=\"slide\"><div class=\"swiper-slide-bg\" role=\"img\" aria-label=\"Design sem nome (25)\"><\/div><div class=\"swiper-slide-inner\" ><div class=\"swiper-slide-contents\"><div class=\"elementor-slide-heading\">Cases<\/div><div class=\"elementor-slide-description\">Domine a IA e transforme a comunica\u00e7\u00e3o do seu destino<\/div><a href=\"https:\/\/imaginadora.com.br\/novo-contato\/\" class=\"elementor-button elementor-slide-button elementor-size-sm\">FALE COM UM CONSULTOR<\/a><\/div><\/div><\/div>\t\t\t\t<\/div>\n\t\t\t\t\t\t\t\t\t\t\t\t\t\t\t\t\t\t\t\t<div class=\"swiper-pagination\"><\/div>\n\t\t\t\t\t\t\t\t\t\t\t\t<\/div>\n\t\t\t\t<\/div>\n\t\t\t\t\t\t\t\t<\/div>\n\t\t\t\t<\/div>\n\t\t\t\t<\/div>\n\t\t<div class=\"elementor-element elementor-element-e97443f e-flex e-con-boxed e-con e-parent\" data-id=\"e97443f\" data-element_type=\"container\" data-e-type=\"container\" data-settings=\"{&quot;background_background&quot;:&quot;classic&quot;}\">\n\t\t\t\t\t<div class=\"e-con-inner\">\n\t\t<div class=\"elementor-element elementor-element-a35840d e-con-full e-flex e-con e-child\" data-id=\"a35840d\" data-element_type=\"container\" data-e-type=\"container\">\n\t\t\t\t<div class=\"elementor-element elementor-element-24bea2d elementor-widget__width-initial elementor-widget elementor-widget-image\" data-id=\"24bea2d\" data-element_type=\"widget\" data-e-type=\"widget\" data-widget_type=\"image.default\">\n\t\t\t\t<div class=\"elementor-widget-container\">\n\t\t\t\t\t\t\t\t\t\t\t\t\t\t\t<img decoding=\"async\" width=\"75\" height=\"116\" src=\"https:\/\/imaginadora.com.br\/wp-content\/uploads\/2024\/10\/Group-17.svg\" class=\"attachment-full size-full wp-image-1812\" alt=\"\" \/>\t\t\t\t\t\t\t\t\t\t\t\t\t\t\t<\/div>\n\t\t\t\t<\/div>\n\t\t\t\t<div class=\"elementor-element elementor-element-398b88e elementor-widget__width-initial elementor-widget elementor-widget-image\" data-id=\"398b88e\" data-element_type=\"widget\" data-e-type=\"widget\" data-widget_type=\"image.default\">\n\t\t\t\t<div class=\"elementor-widget-container\">\n\t\t\t\t\t\t\t\t\t\t\t\t\t\t\t<img fetchpriority=\"high\" decoding=\"async\" width=\"1080\" height=\"1920\" src=\"https:\/\/imaginadora.com.br\/wp-content\/uploads\/2026\/02\/Design-sem-nome-20.png\" class=\"attachment-full size-full wp-image-9141\" alt=\"\" srcset=\"https:\/\/imaginadora.com.br\/wp-content\/uploads\/2026\/02\/Design-sem-nome-20.png 1080w, https:\/\/imaginadora.com.br\/wp-content\/uploads\/2026\/02\/Design-sem-nome-20-169x300.png 169w, https:\/\/imaginadora.com.br\/wp-content\/uploads\/2026\/02\/Design-sem-nome-20-576x1024.png 576w, https:\/\/imaginadora.com.br\/wp-content\/uploads\/2026\/02\/Design-sem-nome-20-768x1365.png 768w, https:\/\/imaginadora.com.br\/wp-content\/uploads\/2026\/02\/Design-sem-nome-20-864x1536.png 864w, https:\/\/imaginadora.com.br\/wp-content\/uploads\/2026\/02\/Design-sem-nome-20-7x12.png 7w\" sizes=\"(max-width: 1080px) 100vw, 1080px\" \/>\t\t\t\t\t\t\t\t\t\t\t\t\t\t\t<\/div>\n\t\t\t\t<\/div>\n\t\t\t\t<div class=\"elementor-element elementor-element-d2cb4a9 elementor-widget elementor-widget-image\" data-id=\"d2cb4a9\" data-element_type=\"widget\" data-e-type=\"widget\" data-settings=\"{&quot;motion_fx_motion_fx_scrolling&quot;:&quot;yes&quot;,&quot;motion_fx_translateX_effect&quot;:&quot;yes&quot;,&quot;motion_fx_translateX_direction&quot;:&quot;negative&quot;,&quot;motion_fx_translateX_speed&quot;:{&quot;unit&quot;:&quot;px&quot;,&quot;size&quot;:4,&quot;sizes&quot;:[]},&quot;motion_fx_translateX_affectedRange&quot;:{&quot;unit&quot;:&quot;%&quot;,&quot;size&quot;:&quot;&quot;,&quot;sizes&quot;:{&quot;start&quot;:0,&quot;end&quot;:100}},&quot;motion_fx_devices&quot;:[&quot;desktop&quot;,&quot;tablet&quot;,&quot;mobile&quot;]}\" data-widget_type=\"image.default\">\n\t\t\t\t<div class=\"elementor-widget-container\">\n\t\t\t\t\t\t\t\t\t\t\t\t\t\t\t<img decoding=\"async\" width=\"1077\" height=\"542\" src=\"https:\/\/imaginadora.com.br\/wp-content\/uploads\/2024\/10\/image_72.webp\" class=\"attachment-full size-full wp-image-4343\" alt=\"\" srcset=\"https:\/\/imaginadora.com.br\/wp-content\/uploads\/2024\/10\/image_72.webp 1077w, https:\/\/imaginadora.com.br\/wp-content\/uploads\/2024\/10\/image_72-300x151.webp 300w, https:\/\/imaginadora.com.br\/wp-content\/uploads\/2024\/10\/image_72-1024x515.webp 1024w, https:\/\/imaginadora.com.br\/wp-content\/uploads\/2024\/10\/image_72-768x386.webp 768w\" sizes=\"(max-width: 1077px) 100vw, 1077px\" \/>\t\t\t\t\t\t\t\t\t\t\t\t\t\t\t<\/div>\n\t\t\t\t<\/div>\n\t\t\t\t<\/div>\n\t\t<div class=\"elementor-element elementor-element-8e2bd3c e-con-full e-flex e-con e-child\" data-id=\"8e2bd3c\" data-element_type=\"container\" data-e-type=\"container\" data-settings=\"{&quot;background_background&quot;:&quot;classic&quot;}\">\n\t\t\t\t<div class=\"elementor-element elementor-element-dd30820 elementor-widget elementor-widget-heading\" data-id=\"dd30820\" data-element_type=\"widget\" data-e-type=\"widget\" data-widget_type=\"heading.default\">\n\t\t\t\t<div class=\"elementor-widget-container\">\n\t\t\t\t\t<h2 class=\"elementor-heading-title elementor-size-default\">Objetivo<\/h2>\t\t\t\t<\/div>\n\t\t\t\t<\/div>\n\t\t\t\t<div class=\"elementor-element elementor-element-bab125d elementor-widget__width-initial elementor-widget elementor-widget-text-editor\" data-id=\"bab125d\" data-element_type=\"widget\" data-e-type=\"widget\" data-widget_type=\"text-editor.default\">\n\t\t\t\t<div class=\"elementor-widget-container\">\n\t\t\t\t\t\t\t\t\t<p data-start=\"189\" data-end=\"403\">O Workshop de IA para Turismo foi criado pela Imaginadora com o prop\u00f3sito de capacitar profissionais do setor a utilizarem a intelig\u00eancia artificial de forma estrat\u00e9gica na promo\u00e7\u00e3o de destinos, parques e atra\u00e7\u00f5es.<\/p><p data-start=\"405\" data-end=\"659\">A iniciativa buscou demonstrar, na pr\u00e1tica, como a tecnologia pode apoiar a cria\u00e7\u00e3o de campanhas mais eficientes, conte\u00fados mais consistentes e comunica\u00e7\u00f5es mais aut\u00eanticas, sempre preservando o olhar humano \u2014 elemento essencial na experi\u00eancia tur\u00edstica.<\/p>\t\t\t\t\t\t\t\t<\/div>\n\t\t\t\t<\/div>\n\t\t\t\t<\/div>\n\t\t\t\t\t<\/div>\n\t\t\t\t<\/div>\n\t\t<div class=\"elementor-element elementor-element-2db272f e-flex e-con-boxed e-con e-parent\" data-id=\"2db272f\" data-element_type=\"container\" data-e-type=\"container\" data-settings=\"{&quot;background_background&quot;:&quot;classic&quot;}\">\n\t\t\t\t\t<div class=\"e-con-inner\">\n\t\t\t\t\t<\/div>\n\t\t\t\t<\/div>\n\t\t<div class=\"elementor-element elementor-element-9d46908 e-con-full e-flex e-con e-parent\" data-id=\"9d46908\" data-element_type=\"container\" data-e-type=\"container\" data-settings=\"{&quot;background_background&quot;:&quot;classic&quot;}\">\n\t\t<div class=\"elementor-element elementor-element-7068cba e-con-full e-flex e-con e-child\" data-id=\"7068cba\" data-element_type=\"container\" data-e-type=\"container\">\n\t\t\t\t<div class=\"elementor-element elementor-element-faaa9c5 elementor-widget__width-initial elementor-widget elementor-widget-image\" data-id=\"faaa9c5\" data-element_type=\"widget\" data-e-type=\"widget\" data-widget_type=\"image.default\">\n\t\t\t\t<div class=\"elementor-widget-container\">\n\t\t\t\t\t\t\t\t\t\t\t\t\t\t\t<img loading=\"lazy\" decoding=\"async\" width=\"1920\" height=\"1080\" src=\"https:\/\/imaginadora.com.br\/wp-content\/uploads\/2026\/02\/Design-sem-nome-21.png\" class=\"attachment-full size-full wp-image-9142\" alt=\"\" srcset=\"https:\/\/imaginadora.com.br\/wp-content\/uploads\/2026\/02\/Design-sem-nome-21.png 1920w, https:\/\/imaginadora.com.br\/wp-content\/uploads\/2026\/02\/Design-sem-nome-21-300x169.png 300w, https:\/\/imaginadora.com.br\/wp-content\/uploads\/2026\/02\/Design-sem-nome-21-1024x576.png 1024w, https:\/\/imaginadora.com.br\/wp-content\/uploads\/2026\/02\/Design-sem-nome-21-768x432.png 768w, https:\/\/imaginadora.com.br\/wp-content\/uploads\/2026\/02\/Design-sem-nome-21-1536x864.png 1536w, https:\/\/imaginadora.com.br\/wp-content\/uploads\/2026\/02\/Design-sem-nome-21-18x10.png 18w\" sizes=\"(max-width: 1920px) 100vw, 1920px\" \/>\t\t\t\t\t\t\t\t\t\t\t\t\t\t\t<\/div>\n\t\t\t\t<\/div>\n\t\t\t\t<div class=\"elementor-element elementor-element-93825e6 elementor-widget__width-initial elementor-widget elementor-widget-image\" data-id=\"93825e6\" data-element_type=\"widget\" data-e-type=\"widget\" data-widget_type=\"image.default\">\n\t\t\t\t<div class=\"elementor-widget-container\">\n\t\t\t\t\t\t\t\t\t\t\t\t\t\t\t<img loading=\"lazy\" decoding=\"async\" width=\"920\" height=\"884\" src=\"https:\/\/imaginadora.com.br\/wp-content\/uploads\/2024\/10\/rectangle_553-1.webp\" class=\"attachment-full size-full wp-image-3025\" alt=\"\" srcset=\"https:\/\/imaginadora.com.br\/wp-content\/uploads\/2024\/10\/rectangle_553-1.webp 920w, https:\/\/imaginadora.com.br\/wp-content\/uploads\/2024\/10\/rectangle_553-1-300x288.webp 300w, https:\/\/imaginadora.com.br\/wp-content\/uploads\/2024\/10\/rectangle_553-1-768x738.webp 768w\" sizes=\"(max-width: 920px) 100vw, 920px\" \/>\t\t\t\t\t\t\t\t\t\t\t\t\t\t\t<\/div>\n\t\t\t\t<\/div>\n\t\t\t\t<\/div>\n\t\t<div class=\"elementor-element elementor-element-86e1662 e-con-full e-flex e-con e-child\" data-id=\"86e1662\" data-element_type=\"container\" data-e-type=\"container\">\n\t\t\t\t<div class=\"elementor-element elementor-element-ce88b51 elementor-widget elementor-widget-heading\" data-id=\"ce88b51\" data-element_type=\"widget\" data-e-type=\"widget\" data-widget_type=\"heading.default\">\n\t\t\t\t<div class=\"elementor-widget-container\">\n\t\t\t\t\t<h2 class=\"elementor-heading-title elementor-size-default\">T\u00e1tica<\/h2>\t\t\t\t<\/div>\n\t\t\t\t<\/div>\n\t\t\t\t<div class=\"elementor-element elementor-element-c121c11 elementor-widget__width-initial elementor-widget elementor-widget-text-editor\" data-id=\"c121c11\" data-element_type=\"widget\" data-e-type=\"widget\" data-widget_type=\"text-editor.default\">\n\t\t\t\t<div class=\"elementor-widget-container\">\n\t\t\t\t\t\t\t\t\t<p data-start=\"679\" data-end=\"845\">O projeto foi desenvolvido em formato de workshop online gratuito, com transmiss\u00e3o ao vivo e alcance nacional, reunindo profissionais de diferentes regi\u00f5es do Brasil.<\/p><p data-start=\"847\" data-end=\"1231\">Durante o encontro, foram apresentados m\u00e9todos pr\u00e1ticos para aplica\u00e7\u00e3o da IA no marketing tur\u00edstico, incluindo cria\u00e7\u00e3o de personas, planejamento de campanhas, descri\u00e7\u00e3o de destinos e produ\u00e7\u00e3o de conte\u00fado. A estrat\u00e9gia tamb\u00e9m envolveu capta\u00e7\u00e3o de participantes por meio digital e an\u00e1lise de dados para identificar expectativas, desafios e oportunidades futuras de capacita\u00e7\u00e3o no setor.<\/p>\t\t\t\t\t\t\t\t<\/div>\n\t\t\t\t<\/div>\n\t\t\t\t<\/div>\n\t\t\t\t<div class=\"elementor-element elementor-element-3c3b40d elementor-widget elementor-widget-image\" data-id=\"3c3b40d\" data-element_type=\"widget\" data-e-type=\"widget\" data-settings=\"{&quot;motion_fx_motion_fx_scrolling&quot;:&quot;yes&quot;,&quot;motion_fx_translateX_effect&quot;:&quot;yes&quot;,&quot;motion_fx_translateX_direction&quot;:&quot;negative&quot;,&quot;motion_fx_translateX_speed&quot;:{&quot;unit&quot;:&quot;px&quot;,&quot;size&quot;:4,&quot;sizes&quot;:[]},&quot;motion_fx_translateX_affectedRange&quot;:{&quot;unit&quot;:&quot;%&quot;,&quot;size&quot;:&quot;&quot;,&quot;sizes&quot;:{&quot;start&quot;:0,&quot;end&quot;:100}},&quot;motion_fx_devices&quot;:[&quot;desktop&quot;,&quot;tablet&quot;,&quot;mobile&quot;]}\" data-widget_type=\"image.default\">\n\t\t\t\t<div class=\"elementor-widget-container\">\n\t\t\t\t\t\t\t\t\t\t\t\t\t\t\t<img decoding=\"async\" width=\"1077\" height=\"542\" src=\"https:\/\/imaginadora.com.br\/wp-content\/uploads\/2024\/10\/image_72.webp\" class=\"attachment-full size-full wp-image-4343\" alt=\"\" srcset=\"https:\/\/imaginadora.com.br\/wp-content\/uploads\/2024\/10\/image_72.webp 1077w, https:\/\/imaginadora.com.br\/wp-content\/uploads\/2024\/10\/image_72-300x151.webp 300w, https:\/\/imaginadora.com.br\/wp-content\/uploads\/2024\/10\/image_72-1024x515.webp 1024w, https:\/\/imaginadora.com.br\/wp-content\/uploads\/2024\/10\/image_72-768x386.webp 768w\" sizes=\"(max-width: 1077px) 100vw, 1077px\" \/>\t\t\t\t\t\t\t\t\t\t\t\t\t\t\t<\/div>\n\t\t\t\t<\/div>\n\t\t\t\t<\/div>\n\t\t<div class=\"elementor-element elementor-element-17039dd e-flex e-con-boxed e-con e-parent\" data-id=\"17039dd\" data-element_type=\"container\" data-e-type=\"container\" data-settings=\"{&quot;background_background&quot;:&quot;classic&quot;}\">\n\t\t\t\t\t<div class=\"e-con-inner\">\n\t\t\t\t\t<\/div>\n\t\t\t\t<\/div>\n\t\t<div class=\"elementor-element elementor-element-0a8a2e4 e-con-full e-flex e-con e-parent\" data-id=\"0a8a2e4\" data-element_type=\"container\" data-e-type=\"container\" data-settings=\"{&quot;background_background&quot;:&quot;classic&quot;}\">\n\t\t<div class=\"elementor-element elementor-element-38d7006 e-con-full e-flex e-con e-child\" data-id=\"38d7006\" data-element_type=\"container\" data-e-type=\"container\">\n\t\t\t\t<div class=\"elementor-element elementor-element-c65c70d elementor-widget__width-initial elementor-widget elementor-widget-image\" data-id=\"c65c70d\" data-element_type=\"widget\" data-e-type=\"widget\" data-widget_type=\"image.default\">\n\t\t\t\t<div class=\"elementor-widget-container\">\n\t\t\t\t\t\t\t\t\t\t\t\t\t\t\t<img loading=\"lazy\" decoding=\"async\" width=\"1080\" height=\"1350\" src=\"https:\/\/imaginadora.com.br\/wp-content\/uploads\/2026\/02\/Design-sem-nome-22.png\" class=\"attachment-full size-full wp-image-9144\" alt=\"\" srcset=\"https:\/\/imaginadora.com.br\/wp-content\/uploads\/2026\/02\/Design-sem-nome-22.png 1080w, https:\/\/imaginadora.com.br\/wp-content\/uploads\/2026\/02\/Design-sem-nome-22-240x300.png 240w, https:\/\/imaginadora.com.br\/wp-content\/uploads\/2026\/02\/Design-sem-nome-22-819x1024.png 819w, https:\/\/imaginadora.com.br\/wp-content\/uploads\/2026\/02\/Design-sem-nome-22-768x960.png 768w, https:\/\/imaginadora.com.br\/wp-content\/uploads\/2026\/02\/Design-sem-nome-22-10x12.png 10w\" sizes=\"(max-width: 1080px) 100vw, 1080px\" \/>\t\t\t\t\t\t\t\t\t\t\t\t\t\t\t<\/div>\n\t\t\t\t<\/div>\n\t\t\t\t<\/div>\n\t\t<div class=\"elementor-element elementor-element-ce93d45 e-con-full e-flex e-con e-child\" data-id=\"ce93d45\" data-element_type=\"container\" data-e-type=\"container\">\n\t\t\t\t<div class=\"elementor-element elementor-element-784e4fe elementor-widget elementor-widget-heading\" data-id=\"784e4fe\" data-element_type=\"widget\" data-e-type=\"widget\" data-widget_type=\"heading.default\">\n\t\t\t\t<div class=\"elementor-widget-container\">\n\t\t\t\t\t<h2 class=\"elementor-heading-title elementor-size-default\">Conclus\u00e3o<\/h2>\t\t\t\t<\/div>\n\t\t\t\t<\/div>\n\t\t\t\t<div class=\"elementor-element elementor-element-f4ba008 elementor-widget__width-initial elementor-widget elementor-widget-text-editor\" data-id=\"f4ba008\" data-element_type=\"widget\" data-e-type=\"widget\" data-widget_type=\"text-editor.default\">\n\t\t\t\t<div class=\"elementor-widget-container\">\n\t\t\t\t\t\t\t\t\t<p data-start=\"1163\" data-end=\"1367\">O workshop alcan\u00e7ou mais de 1.200 inscritos e obteve avalia\u00e7\u00f5es altamente positivas, confirmando a relev\u00e2ncia do tema e a demanda crescente por conhecimento aplicado em intelig\u00eancia artificial no turismo.<\/p><p data-start=\"1369\" data-end=\"1673\">A iniciativa contou com o apoio institucional da <span class=\"hover:entity-accent entity-underline inline cursor-pointer align-baseline\"><span class=\"whitespace-normal\">UNEDESTINOS<\/span><\/span>, do <span class=\"hover:entity-accent entity-underline inline cursor-pointer align-baseline\"><span class=\"whitespace-normal\">SINDEPAT<\/span><\/span> e da <span class=\"hover:entity-accent entity-underline inline cursor-pointer align-baseline\"><span class=\"whitespace-normal\">BRAZTOA<\/span><\/span>, refor\u00e7ando o compromisso com o fortalecimento do setor e a dissemina\u00e7\u00e3o de conhecimento qualificado entre profissionais de turismo.<\/p><p data-start=\"1675\" data-end=\"1886\">Al\u00e9m de contribuir para a capacita\u00e7\u00e3o do mercado, o projeto fortaleceu o posicionamento da Imaginadora como refer\u00eancia em inova\u00e7\u00e3o e abriu oportunidades para novas edi\u00e7\u00f5es, mentorias e treinamentos corporativos.<\/p>\t\t\t\t\t\t\t\t<\/div>\n\t\t\t\t<\/div>\n\t\t\t\t<\/div>\n\t\t\t\t<\/div>\n\t\t<div class=\"elementor-element elementor-element-0af17fb e-flex e-con-boxed e-con e-parent\" data-id=\"0af17fb\" data-element_type=\"container\" data-e-type=\"container\" data-settings=\"{&quot;background_background&quot;:&quot;gradient&quot;}\">\n\t\t\t\t\t<div class=\"e-con-inner\">\n\t\t\t\t<div class=\"elementor-element elementor-element-6ebbd3f elementor-widget elementor-widget-heading\" data-id=\"6ebbd3f\" data-element_type=\"widget\" data-e-type=\"widget\" data-widget_type=\"heading.default\">\n\t\t\t\t<div class=\"elementor-widget-container\">\n\t\t\t\t\t<h3 class=\"elementor-heading-title elementor-size-default\">Descubra como transformamos neg\u00f3cios com criatividade.<\/h3>\t\t\t\t<\/div>\n\t\t\t\t<\/div>\n\t\t\t\t<div class=\"elementor-element elementor-element-56c47e6 elementor-widget__width-initial btn-consultor elementor-widget elementor-widget-button\" data-id=\"56c47e6\" data-element_type=\"widget\" data-e-type=\"widget\" data-widget_type=\"button.default\">\n\t\t\t\t<div class=\"elementor-widget-container\">\n\t\t\t\t\t\t\t\t\t<div class=\"elementor-button-wrapper\">\n\t\t\t\t\t<a class=\"elementor-button elementor-button-link elementor-size-sm\" href=\"https:\/\/imaginadora.com.br\/novo-contato\/\">\n\t\t\t\t\t\t<span class=\"elementor-button-content-wrapper\">\n\t\t\t\t\t\t\t\t\t<span class=\"elementor-button-text\">FALAR COM UM CONSULTOR<\/span>\n\t\t\t\t\t<\/span>\n\t\t\t\t\t<\/a>\n\t\t\t\t<\/div>\n\t\t\t\t\t\t\t\t<\/div>\n\t\t\t\t<\/div>\n\t\t\t\t<div class=\"elementor-element elementor-element-e5744bb elementor-widget__width-initial elementor-widget elementor-widget-image\" data-id=\"e5744bb\" data-element_type=\"widget\" data-e-type=\"widget\" data-settings=\"{&quot;motion_fx_motion_fx_scrolling&quot;:&quot;yes&quot;,&quot;motion_fx_translateX_effect&quot;:&quot;yes&quot;,&quot;motion_fx_translateX_direction&quot;:&quot;negative&quot;,&quot;motion_fx_translateX_speed&quot;:{&quot;unit&quot;:&quot;px&quot;,&quot;size&quot;:4,&quot;sizes&quot;:[]},&quot;motion_fx_translateX_affectedRange&quot;:{&quot;unit&quot;:&quot;%&quot;,&quot;size&quot;:&quot;&quot;,&quot;sizes&quot;:{&quot;start&quot;:0,&quot;end&quot;:100}},&quot;motion_fx_devices&quot;:[&quot;desktop&quot;,&quot;tablet&quot;,&quot;mobile&quot;]}\" data-widget_type=\"image.default\">\n\t\t\t\t<div class=\"elementor-widget-container\">\n\t\t\t\t\t\t\t\t\t\t\t\t\t\t\t<img loading=\"lazy\" decoding=\"async\" width=\"320\" height=\"173\" src=\"https:\/\/imaginadora.com.br\/wp-content\/uploads\/2024\/10\/image_57-1.webp\" class=\"attachment-full size-full wp-image-1276\" alt=\"\" srcset=\"https:\/\/imaginadora.com.br\/wp-content\/uploads\/2024\/10\/image_57-1.webp 320w, https:\/\/imaginadora.com.br\/wp-content\/uploads\/2024\/10\/image_57-1-300x162.webp 300w\" sizes=\"(max-width: 320px) 100vw, 320px\" \/>\t\t\t\t\t\t\t\t\t\t\t\t\t\t\t<\/div>\n\t\t\t\t<\/div>\n\t\t\t\t<div class=\"elementor-element elementor-element-d189f0c elementor-widget__width-initial elementor-widget elementor-widget-image\" data-id=\"d189f0c\" data-element_type=\"widget\" data-e-type=\"widget\" data-settings=\"{&quot;motion_fx_motion_fx_scrolling&quot;:&quot;yes&quot;,&quot;motion_fx_translateX_effect&quot;:&quot;yes&quot;,&quot;motion_fx_translateX_speed&quot;:{&quot;unit&quot;:&quot;px&quot;,&quot;size&quot;:4,&quot;sizes&quot;:[]},&quot;motion_fx_translateX_affectedRange&quot;:{&quot;unit&quot;:&quot;%&quot;,&quot;size&quot;:&quot;&quot;,&quot;sizes&quot;:{&quot;start&quot;:0,&quot;end&quot;:100}},&quot;motion_fx_devices&quot;:[&quot;desktop&quot;,&quot;tablet&quot;,&quot;mobile&quot;]}\" data-widget_type=\"image.default\">\n\t\t\t\t<div class=\"elementor-widget-container\">\n\t\t\t\t\t\t\t\t\t\t\t\t\t\t\t<img loading=\"lazy\" decoding=\"async\" width=\"320\" height=\"173\" src=\"https:\/\/imaginadora.com.br\/wp-content\/uploads\/2024\/10\/image_57-1.webp\" class=\"attachment-full size-full wp-image-1276\" alt=\"\" srcset=\"https:\/\/imaginadora.com.br\/wp-content\/uploads\/2024\/10\/image_57-1.webp 320w, https:\/\/imaginadora.com.br\/wp-content\/uploads\/2024\/10\/image_57-1-300x162.webp 300w\" sizes=\"(max-width: 320px) 100vw, 320px\" \/>\t\t\t\t\t\t\t\t\t\t\t\t\t\t\t<\/div>\n\t\t\t\t<\/div>\n\t\t\t\t\t<\/div>\n\t\t\t\t<\/div>\n\t\t\t\t<\/div>\n\t\t","protected":false},"excerpt":{"rendered":"<p>CasesWorkshop de IA para TurismoFALE COM UM CONSULTORCasesCriatividade Humana + Intelig\u00eancia Artificial: o futuro da promo\u00e7\u00e3o tur\u00edsticaFALE COM UM CONSULTORCasesDomine a IA e transforme a comunica\u00e7\u00e3o do seu destinoFALE COM UM CONSULTOR Objetivo O Workshop de IA para Turismo foi criado pela Imaginadora com o prop\u00f3sito de capacitar profissionais do setor a utilizarem a intelig\u00eancia [&hellip;]<\/p>\n","protected":false},"author":4,"featured_media":0,"parent":0,"menu_order":0,"comment_status":"closed","ping_status":"closed","template":"","meta":{"footnotes":""},"class_list":["post-9053","page","type-page","status-publish","hentry"],"aioseo_notices":[],"_links":{"self":[{"href":"https:\/\/imaginadora.com.br\/en\/wp-json\/wp\/v2\/pages\/9053","targetHints":{"allow":["GET"]}}],"collection":[{"href":"https:\/\/imaginadora.com.br\/en\/wp-json\/wp\/v2\/pages"}],"about":[{"href":"https:\/\/imaginadora.com.br\/en\/wp-json\/wp\/v2\/types\/page"}],"author":[{"embeddable":true,"href":"https:\/\/imaginadora.com.br\/en\/wp-json\/wp\/v2\/users\/4"}],"replies":[{"embeddable":true,"href":"https:\/\/imaginadora.com.br\/en\/wp-json\/wp\/v2\/comments?post=9053"}],"version-history":[{"count":16,"href":"https:\/\/imaginadora.com.br\/en\/wp-json\/wp\/v2\/pages\/9053\/revisions"}],"predecessor-version":[{"id":9162,"href":"https:\/\/imaginadora.com.br\/en\/wp-json\/wp\/v2\/pages\/9053\/revisions\/9162"}],"wp:attachment":[{"href":"https:\/\/imaginadora.com.br\/en\/wp-json\/wp\/v2\/media?parent=9053"}],"curies":[{"name":"wp","href":"https:\/\/api.w.org\/{rel}","templated":true}]}}